{"id":460,"date":"2018-06-28T19:24:26","date_gmt":"2018-06-28T17:24:26","guid":{"rendered":"http:\/\/studenckifestiwal.pl\/?page_id=460"},"modified":"2025-04-15T11:57:08","modified_gmt":"2025-04-15T09:57:08","slug":"archiwum","status":"publish","type":"page","link":"https:\/\/studenckifestiwal.pl\/index.php\/archiwum\/","title":{"rendered":"O nas"},"content":{"rendered":"<h3 class=\"\" data-start=\"108\" data-end=\"117\">O nas<\/h3>\n<p class=\"\" data-start=\"119\" data-end=\"605\">Fundacja Studencki Festiwal Piosenki od 2012 roku corocznie organizuje jedno z najwa\u017cniejszych wydarze\u0144 muzycznych w kraju \u2013 <strong data-start=\"244\" data-end=\"286\">Studencki Festiwal Piosenki w Krakowie<\/strong>. To fina\u0142owy akord og\u00f3lnopolskiego ruchu festiwalowego, kt\u00f3ry przez ca\u0142y rok skupia setki m\u0142odych artyst\u00f3w w konkursach piosenki autorskiej i artystycznej. Festiwal w Krakowie jest nie tylko presti\u017cowym konkursem, ale tak\u017ce przestrzeni\u0105 spotka\u0144, wymiany tw\u00f3rczych idei i pocz\u0105tkiem wielu znacz\u0105cych karier scenicznych.<\/p>\n<p class=\"\" data-start=\"607\" data-end=\"677\">Za organizacj\u0119 Festiwalu odpowiada zesp\u00f3\u0142 pasjonat\u00f3w muzyki i kultury:<\/p>\n<p class=\"\" data-start=\"679\" data-end=\"1057\"><strong data-start=\"679\" data-end=\"700\">Mateusz Marchewka<\/strong> \u2013 Prezes Zarz\u0105du Fundacji i Dyrektor Generalny Festiwalu. Absolwent Uniwersytetu Jagiello\u0144skiego w Krakowie, od 2013 roku zaanga\u017cowany w organizacj\u0119 SFP, producent licznych koncert\u00f3w fina\u0142owych i jubileuszowych. Odpowiada za promocj\u0119, wsp\u00f3\u0142prac\u0119 z partnerami, instytucjami publicznymi i sponsorami. Od 2018 roku kieruje ca\u0142okszta\u0142tem dzia\u0142a\u0144 festiwalowych.<\/p>\n<p class=\"\" data-start=\"1059\" data-end=\"1584\"><strong data-start=\"1059\" data-end=\"1075\">Ewa Kornecka<\/strong> \u2013 Dyrektor Artystyczna Festiwalu, pianistka, kompozytorka, re\u017cyser i pedagog. Tw\u00f3rczyni ponad tysi\u0105ca piosenek, wsp\u00f3\u0142pracowa\u0142a m.in. z Andrzejem Wajd\u0105, Jerzym Jarockim i Agnieszk\u0105 Osieck\u0105. Od 1991 roku zwi\u0105zana z Kabaretem Loch Camelot, kt\u00f3rego jest wsp\u00f3\u0142za\u0142o\u017cycielk\u0105 i dyrektorem muzycznym. Prowadzi r\u00f3wnie\u017c \u201eLekcje \u015apiewania\u201d z Bibliotek\u0105 Polskiej Piosenki oraz organizuje koncerty w ramach Krakowskich Nocy i Krakowskiego Tygodnia Piosenki. Odznaczona medalem Honoris Gratia za zas\u0142ugi dla Miasta Krakowa.<\/p>\n<p class=\"\" data-start=\"1586\" data-end=\"2099\"><strong data-start=\"1586\" data-end=\"1602\">\u0141ukasz Kozub<\/strong> \u2013 Sekretarz Zarz\u0105du Fundacji, odpowiedzialny m.in. za promocj\u0119 i wsp\u00f3\u0142prac\u0119 z mediami. Ekonomista z wykszta\u0142cenia, zwi\u0105zany z sektorem kultury i edukacji, od lat anga\u017cuje si\u0119 w projekty artystyczne i spo\u0142eczne w Krakowie. Cz\u0142onek zespo\u0142u Teatru Loch Camelot, wsp\u00f3\u0142pracuje z ch\u00f3rami, zespo\u0142ami wokalnymi oraz realizuje projekty artystyczne dla dzieci i m\u0142odzie\u017cy. Od 2017 roku aktywnie dzia\u0142a tak\u017ce przy rewitalizacji przestrzeni postindustrialnej w ramach projektu Krak\u00f3w \u2013 Nowa Huta Przysz\u0142o\u015bci.<\/p>\n<p class=\"\" data-start=\"2101\" data-end=\"2385\">Studencki Festiwal Piosenki to wydarzenie z tradycj\u0105, misj\u0105 i pasj\u0105. Z jednej strony piel\u0119gnuje pami\u0119\u0107 o najwybitniejszych tw\u00f3rcach polskiej piosenki, z drugiej \u2013 otwiera scen\u0119 dla nowych, oryginalnych g\u0142os\u00f3w. To przestrze\u0144 wolno\u015bci, dialogu i inspiracji \u2013 dla tw\u00f3rc\u00f3w i publiczno\u015bci.<\/p>\n<p>&nbsp;<\/p>\n\n<!-- wp:themify-builder\/canvas \/-->","protected":false},"excerpt":{"rendered":"<p>O nas Fundacja Studencki Festiwal Piosenki od 2012 roku corocznie organizuje jedno z najwa\u017cniejszych wydarze\u0144 muzycznych w kraju \u2013 Studencki<\/p>\n<p><a href=\"https:\/\/studenckifestiwal.pl\/index.php\/archiwum\/\" class=\"more-link\">Czytaj wi\u0119cej<span class=\"screen-reader-text\">O nas<\/span><\/a><\/p>\n","protected":false},"author":1,"featured_media":0,"parent":0,"menu_order":0,"comment_status":"closed","ping_status":"closed","template":"","meta":{"ngg_post_thumbnail":0,"footnotes":""},"class_list":["post-460","page","type-page","status-publish","hentry"],"builder_content":"","_links":{"self":[{"href":"https:\/\/studenckifestiwal.pl\/index.php\/wp-json\/wp\/v2\/pages\/460","targetHints":{"allow":["GET"]}}],"collection":[{"href":"https:\/\/studenckifestiwal.pl\/index.php\/wp-json\/wp\/v2\/pages"}],"about":[{"href":"https:\/\/studenckifestiwal.pl\/index.php\/wp-json\/wp\/v2\/types\/page"}],"author":[{"embeddable":true,"href":"https:\/\/studenckifestiwal.pl\/index.php\/wp-json\/wp\/v2\/users\/1"}],"replies":[{"embeddable":true,"href":"https:\/\/studenckifestiwal.pl\/index.php\/wp-json\/wp\/v2\/comments?post=460"}],"version-history":[{"count":12,"href":"https:\/\/studenckifestiwal.pl\/index.php\/wp-json\/wp\/v2\/pages\/460\/revisions"}],"predecessor-version":[{"id":3646,"href":"https:\/\/studenckifestiwal.pl\/index.php\/wp-json\/wp\/v2\/pages\/460\/revisions\/3646"}],"wp:attachment":[{"href":"https:\/\/studenckifestiwal.pl\/index.php\/wp-json\/wp\/v2\/media?parent=460"}],"curies":[{"name":"wp","href":"https:\/\/api.w.org\/{rel}","templated":true}]}}