{"id":3034,"date":"2024-06-08T00:08:53","date_gmt":"2024-06-07T22:08:53","guid":{"rendered":"http:\/\/studenckifestiwal.pl\/?page_id=3034"},"modified":"2024-09-22T12:18:54","modified_gmt":"2024-09-22T10:18:54","slug":"strona-glowna","status":"publish","type":"page","link":"https:\/\/studenckifestiwal.pl\/index.php\/strona-glowna\/","title":{"rendered":"Strona g\u0142\u00f3wna"},"content":{"rendered":"\n<div class=\"wp-block-group has-white-color has-black-background-color has-text-color has-background has-link-color wp-elements-95ca426424cbf11e349d42b2d7bff35f is-vertical is-content-justification-center is-layout-flex wp-container-core-group-is-layout-4b2eccd6 wp-block-group-is-layout-flex\">\n<div class=\"wp-block-group container\"><div class=\"wp-block-group__inner-container is-layout-constrained wp-block-group-is-layout-constrained\">\n<h3 class=\"wp-block-heading\">Aktualno\u015bci<\/h3>\n\n\n<p>[display_news]<\/p>\n<\/div><\/div>\n<\/div>\n\n\n\n<div class=\"wp-block-group alignfull has-black-color has-white-background-color has-text-color has-background has-link-color wp-elements-5232f545a798af0f5b15f2e3088277c8 is-vertical is-content-justification-center is-layout-flex wp-container-core-group-is-layout-4b2eccd6 wp-block-group-is-layout-flex\" id=\"about\">\n<div class=\"wp-block-group container\"><div class=\"wp-block-group__inner-container is-layout-constrained wp-block-group-is-layout-constrained\">\n<h3 class=\"wp-block-heading has-text-align-center has-black-color has-text-color has-link-color wp-elements-81b610b90a48a4150158dee1b7b8c222\">O festiwalu<\/h3>\n\n\n\n<p class=\"has-text-align-center\">Studencki Festiwal Piosenki to najstarszych Festiwal tw\u00f3rczo\u015bci autorskiej w Polsce. Od 1962 roku, jest jednym z najwa\u017cniejszych festiwali piosenki artystycznej i zaanga\u017cowanej na terenie ca\u0142ego kraju. Zar\u00f3wno Festiwal jak i arty\u015bci z nim zwi\u0105zani na trwale wpisali si\u0119 w rozw\u00f3j polskiej kultury i sztuki. W swojej ponad p\u00f3\u0142wiecznej historii opar\u0142 si\u0119 trendom obni\u017cenia warto\u015bci kulturalnych tre\u015bci. Przez wszystkie lata istnienia w zawierusze historii wsp\u00f3\u0142czesnej Polski trwa\u0142 wiernie na stra\u017cy artystycznego wyrazu, promuj\u0105c tw\u00f3rc\u00f3w niebanalnych i polsk\u0105 tw\u00f3rczo\u015b\u0107, szczeg\u00f3lnie za\u015b tw\u00f3rczo\u015b\u0107 debiutanck\u0105, kt\u00f3r\u0105 chce przekazywa\u0107 swoim wiernym s\u0142uchaczom i uczestnikom.<\/p>\n<\/div><\/div>\n<\/div>\n\n\n\n<div class=\"wp-block-group alignfull has-black-background-color has-background is-vertical is-content-justification-center is-layout-flex wp-container-core-group-is-layout-4b2eccd6 wp-block-group-is-layout-flex\">\n<div class=\"wp-block-group container\"><div class=\"wp-block-group__inner-container is-layout-constrained wp-block-group-is-layout-constrained\">\n<h3 class=\"wp-block-heading has-text-align-center has-white-color has-text-color has-link-color wp-elements-2b5514f4c492e5e6e86374a71c770eeb\">Wydarzenia<\/h3>\n\n\n<p>[display_posts]<\/p>\n<\/div><\/div>\n<\/div>\n\n\n\n<div id=\"program\" class=\"wp-block-group container has-black-color has-white-background-color has-text-color has-background has-link-color wp-elements-1497ef505b71a2e7344ac1e460ab8079\"><div class=\"wp-block-group__inner-container is-layout-constrained wp-block-group-is-layout-constrained\">\n<div class=\"wp-block-group container has-black-color has-text-color has-link-color wp-elements-94f8d7e423bb49c167d2bd8a2c84a7b9\"><div class=\"wp-block-group__inner-container is-layout-constrained wp-block-group-is-layout-constrained\">\n<h3 class=\"wp-block-heading has-text-align-center\">Program<\/h3>\n\n\n\n<div class=\"wp-block-columns alignwide has-black-color has-white-background-color has-text-color has-background has-link-color wp-elements-d6dc9382d80e1f8d027dc70dbf88b254 is-layout-flex wp-container-core-columns-is-layout-9d6595d7 wp-block-columns-is-layout-flex\">\n<div class=\"wp-block-column is-vertically-aligned-center has-black-color has-text-color has-link-color wp-elements-e8615f46d1bde12b4f64ef38574fd39b is-layout-flow wp-block-column-is-layout-flow\">\n<h4 class=\"wp-block-heading has-text-align-center has-black-color has-text-color has-link-color wp-elements-e4ab9e1894795eb5b842553e1fe58c0c\" style=\"font-size:36px\">60. SFP<\/h4>\n<\/div>\n\n\n\n<div class=\"wp-block-column is-vertically-aligned-stretch is-layout-flow wp-block-column-is-layout-flow\" style=\"flex-basis:260px\">\n<p class=\"has-text-align-center has-black-color has-text-color has-link-color wp-elements-0af0f02e7945de49723e453aa336dacb\" style=\"font-size:16px;font-style:normal;font-weight:100\">17 pa\u017cdziernika 2024<\/p>\n\n\n\n<p class=\"has-text-align-center has-black-color has-text-color has-link-color wp-elements-546c516ee90143ead9e607a08700880a\" style=\"font-size:16px;font-style:normal;font-weight:400\"><a href=\"https:\/\/studenckifestiwal.pl\/index.php\/bilety\/#kaczmarski\" data-type=\"page\" data-id=\"29\">Radio Krak\u00f3w, <br>al. Juliusza S\u0142owackiego 22<\/a><\/p>\n<\/div>\n\n\n\n<div class=\"wp-block-column is-vertically-aligned-stretch has-black-color has-text-color has-link-color wp-elements-af90919af1600c6323d9cfcf0079872a is-layout-flow wp-block-column-is-layout-flow\">\n<p class=\"has-text-align-center has-black-color has-text-color has-link-color wp-elements-a54b54aeb21a287b26055d209ac6bfd0\" style=\"font-size:16px;font-style:normal;font-weight:100\">Godzina<\/p>\n\n\n\n<h4 class=\"wp-block-heading has-text-align-center has-black-color has-text-color has-link-color wp-elements-31787b7c656b74b51ad8fa085532543b\" style=\"font-size:36px;font-style:normal;font-weight:500\">20:00<\/h4>\n<\/div>\n\n\n\n<div class=\"wp-block-column is-vertically-aligned-stretch is-layout-flow wp-block-column-is-layout-flow\" style=\"flex-basis:338px\">\n<p class=\"has-text-align-center has-black-color has-text-color has-link-color wp-elements-b47d9236c4c6653bcb33739d4db0a8c2\" style=\"font-size:16px;font-style:normal;font-weight:100\">Koncert<\/p>\n\n\n\n<p class=\"has-text-align-center has-black-color has-text-color has-link-color wp-elements-a92fad4388ee89e27ecab547f28b4266\" style=\"font-size:16px;font-style:normal;font-weight:400\"><a href=\"https:\/\/studenckifestiwal.pl\/index.php\/bilety\/#kaczmarski\" data-type=\"page\" data-id=\"29\">KACZMARSKI.ALTERNATYWA<\/a><\/p>\n\n\n\n<p class=\"has-text-align-center has-black-color has-text-color has-link-color wp-elements-bb0a2d0abe6650ed78c7d50ab169dd7f\" style=\"font-size:12px;font-style:normal;font-weight:300\">Wyst\u0105pi\u0105: Nag\u00f3rski \/ Wo\u015bko<\/p>\n<\/div>\n<\/div>\n\n\n\n<div class=\"wp-block-columns alignwide has-black-color has-white-background-color has-text-color has-background has-link-color wp-elements-60081de391698dd4fdd15d37f3b643b4 is-layout-flex wp-container-core-columns-is-layout-9d6595d7 wp-block-columns-is-layout-flex\">\n<div class=\"wp-block-column is-vertically-aligned-center has-black-color has-text-color has-link-color wp-elements-e8615f46d1bde12b4f64ef38574fd39b is-layout-flow wp-block-column-is-layout-flow\">\n<h4 class=\"wp-block-heading has-text-align-center has-black-color has-text-color has-link-color wp-elements-e4ab9e1894795eb5b842553e1fe58c0c\" style=\"font-size:36px\">60. SFP<\/h4>\n<\/div>\n\n\n\n<div class=\"wp-block-column is-vertically-aligned-stretch is-layout-flow wp-block-column-is-layout-flow\" style=\"flex-basis:226px\">\n<p class=\"has-text-align-center has-black-color has-text-color has-link-color wp-elements-413e8582351126b1eb6b584584fa4d75\" style=\"font-size:16px;font-style:normal;font-weight:100\">18 pa\u017cdziernika 2024<\/p>\n\n\n\n<p class=\"has-text-align-center has-black-color has-text-color has-link-color wp-elements-98d096c4566ae56f208b84d2e37587c8\" style=\"font-size:16px;font-style:normal;font-weight:400\"><a href=\"https:\/\/studenckifestiwal.pl\/index.php\/bilety\/#norwid\" data-type=\"page\" data-id=\"29\">NCK, ul. Jana Paw\u0142a II 232<\/a><\/p>\n<\/div>\n\n\n\n<div class=\"wp-block-column is-vertically-aligned-stretch has-black-color has-text-color has-link-color wp-elements-af90919af1600c6323d9cfcf0079872a is-layout-flow wp-block-column-is-layout-flow\">\n<p class=\"has-text-align-center has-black-color has-text-color has-link-color wp-elements-a54b54aeb21a287b26055d209ac6bfd0\" style=\"font-size:16px;font-style:normal;font-weight:100\">Godzina<\/p>\n\n\n\n<h4 class=\"wp-block-heading has-text-align-center has-black-color has-text-color has-link-color wp-elements-31787b7c656b74b51ad8fa085532543b\" style=\"font-size:36px;font-style:normal;font-weight:500\">20:00<\/h4>\n<\/div>\n\n\n\n<div class=\"wp-block-column is-vertically-aligned-stretch is-layout-flow wp-block-column-is-layout-flow\" style=\"flex-basis:338px\">\n<p class=\"has-text-align-center has-black-color has-text-color has-link-color wp-elements-b47d9236c4c6653bcb33739d4db0a8c2\" style=\"font-size:16px;font-style:normal;font-weight:100\">Koncert<\/p>\n\n\n\n<p class=\"has-text-align-center has-black-color has-text-color has-link-color wp-elements-4e0d7e2521995e963512b33e8b181175\" style=\"font-size:16px;font-style:normal;font-weight:400\"><a href=\"https:\/\/studenckifestiwal.pl\/index.php\/bilety\/#norwid\" data-type=\"page\" data-id=\"29\">NORWID \/ OD.NOWA<\/a><\/p>\n\n\n\n<p class=\"has-text-align-center has-black-color has-text-color has-link-color wp-elements-37ab6771603e78b9edada1c588776b42\" style=\"font-size:12px;font-style:normal;font-weight:300\">Wyst\u0105pi\u0105: Baasch, Gaba Kulka, Natalia Niemen, Renata Przemyk, Tomek Mazowiecki<\/p>\n<\/div>\n<\/div>\n\n\n\n<div class=\"wp-block-columns alignwide has-black-color has-white-background-color has-text-color has-background has-link-color wp-elements-126da4c501f833940d6b692fc736444e is-layout-flex wp-container-core-columns-is-layout-9d6595d7 wp-block-columns-is-layout-flex\">\n<div class=\"wp-block-column is-vertically-aligned-center has-black-color has-text-color has-link-color wp-elements-e8615f46d1bde12b4f64ef38574fd39b is-layout-flow wp-block-column-is-layout-flow\">\n<h4 class=\"wp-block-heading has-text-align-center has-black-color has-text-color has-link-color wp-elements-e4ab9e1894795eb5b842553e1fe58c0c\" style=\"font-size:36px\">60. SFP<\/h4>\n<\/div>\n\n\n\n<div class=\"wp-block-column is-vertically-aligned-stretch is-layout-flow wp-block-column-is-layout-flow\" style=\"flex-basis:260px\">\n<p class=\"has-text-align-center has-black-color has-text-color has-link-color wp-elements-fdd8c8d77690747f34348cf32157d547\" style=\"font-size:16px;font-style:normal;font-weight:100\">19 pa\u017cdziernika 2024<\/p>\n\n\n\n<p class=\"has-text-align-center has-black-color has-text-color has-link-color wp-elements-87d00ed51b63f192b74f5b27dadfa7cc\" style=\"font-size:16px;font-style:normal;font-weight:400\">Muzeum Sztuki i Techniki Japo\u0144skiej Manggha<br>ul. Marii Konopnickiej 26<\/p>\n<\/div>\n\n\n\n<div class=\"wp-block-column is-vertically-aligned-stretch has-black-color has-text-color has-link-color wp-elements-ff109c364da6b4949f2b9eeb64e69fca is-layout-flow wp-block-column-is-layout-flow\">\n<p class=\"has-text-align-center has-black-color has-text-color has-link-color wp-elements-a54b54aeb21a287b26055d209ac6bfd0\" style=\"font-size:16px;font-style:normal;font-weight:100\">Godzina<\/p>\n\n\n\n<h4 class=\"wp-block-heading has-text-align-center has-black-color has-text-color has-link-color wp-elements-977c5c59a4b8db33a2b2ebf1abc815e7\" style=\"font-size:36px;font-style:normal;font-weight:500\">11:00<\/h4>\n<\/div>\n\n\n\n<div class=\"wp-block-column is-vertically-aligned-stretch is-layout-flow wp-block-column-is-layout-flow\" style=\"flex-basis:338px\">\n<p class=\"has-text-align-center has-black-color has-text-color has-link-color wp-elements-b47d9236c4c6653bcb33739d4db0a8c2\" style=\"font-size:16px;font-style:normal;font-weight:100\">Koncert<\/p>\n\n\n\n<p class=\"has-text-align-center has-black-color has-text-color has-link-color wp-elements-9a06eeb7151756c1f8350547cbfb0289\" style=\"font-size:16px;font-style:normal;font-weight:400\">Konkurs 60.SFP<\/p>\n<\/div>\n<\/div>\n\n\n\n<div class=\"wp-block-columns alignwide has-black-color has-white-background-color has-text-color has-background has-link-color wp-elements-e868e90e5d9610f2806621dcaed1da8f is-layout-flex wp-container-core-columns-is-layout-9d6595d7 wp-block-columns-is-layout-flex\">\n<div class=\"wp-block-column is-vertically-aligned-center has-black-color has-text-color has-link-color wp-elements-e8615f46d1bde12b4f64ef38574fd39b is-layout-flow wp-block-column-is-layout-flow\">\n<h4 class=\"wp-block-heading has-text-align-center has-black-color has-text-color has-link-color wp-elements-e4ab9e1894795eb5b842553e1fe58c0c\" style=\"font-size:36px\">60. SFP<\/h4>\n<\/div>\n\n\n\n<div class=\"wp-block-column is-vertically-aligned-stretch is-layout-flow wp-block-column-is-layout-flow\" style=\"flex-basis:260px\">\n<p class=\"has-text-align-center has-black-color has-text-color has-link-color wp-elements-fdd8c8d77690747f34348cf32157d547\" style=\"font-size:16px;font-style:normal;font-weight:100\">19 pa\u017cdziernika 2024<\/p>\n\n\n\n<p class=\"has-text-align-center has-black-color has-text-color has-link-color wp-elements-d5f087abebdf6449019c3b83fe642baf\" style=\"font-size:16px;font-style:normal;font-weight:400\"><a href=\"https:\/\/studenckifestiwal.pl\/index.php\/bilety\/#zespol\" data-type=\"page\" data-id=\"29\">Muzeum Sztuki i Techniki Japo\u0144skiej Manggha<br>ul. Marii Konopnickiej 26<\/a><\/p>\n<\/div>\n\n\n\n<div class=\"wp-block-column is-vertically-aligned-stretch has-black-color has-text-color has-link-color wp-elements-28d14b2e8f0aea354af3099562d4822d is-layout-flow wp-block-column-is-layout-flow\">\n<p class=\"has-text-align-center has-black-color has-text-color has-link-color wp-elements-a54b54aeb21a287b26055d209ac6bfd0\" style=\"font-size:16px;font-style:normal;font-weight:100\">Godzina<\/p>\n\n\n\n<h4 class=\"wp-block-heading has-text-align-center has-black-color has-text-color has-link-color wp-elements-1d506304f6f190923dd90b85571624fd\" style=\"font-size:36px;font-style:normal;font-weight:500\">19:00<\/h4>\n<\/div>\n\n\n\n<div class=\"wp-block-column is-vertically-aligned-stretch is-layout-flow wp-block-column-is-layout-flow\" style=\"flex-basis:338px\">\n<p class=\"has-text-align-center has-black-color has-text-color has-link-color wp-elements-b47d9236c4c6653bcb33739d4db0a8c2\" style=\"font-size:16px;font-style:normal;font-weight:100\">Koncert<\/p>\n\n\n\n<p class=\"has-text-align-center has-black-color has-text-color has-link-color wp-elements-411b090a1955c78d9072d60dd788375b\" style=\"font-size:16px;font-style:normal;font-weight:400\"><a href=\"https:\/\/studenckifestiwal.pl\/index.php\/bilety\/#zespol\" data-type=\"page\" data-id=\"29\">Zesp\u00f3\u0142 Reprezentacyjny<\/a><\/p>\n\n\n\n<p class=\"has-text-align-center has-black-color has-text-color has-link-color wp-elements-0a873171876a65711d4445764023ddd0\" style=\"font-size:12px;font-style:normal;font-weight:300\">Wyst\u0105pi\u0105: Jaros\u0142aw Guga\u0142a, Filip \u0141obodzi\u0144ski, Marek Wojtczak oraz Adama Lewandowski i Piotr Stawski<\/p>\n<\/div>\n<\/div>\n\n\n\n<div class=\"wp-block-columns alignwide has-black-color has-white-background-color has-text-color has-background has-link-color wp-elements-54e3b1021b0cc420b3879e3331994776 is-layout-flex wp-container-core-columns-is-layout-9d6595d7 wp-block-columns-is-layout-flex\">\n<div class=\"wp-block-column is-vertically-aligned-center has-black-color has-text-color has-link-color wp-elements-e8615f46d1bde12b4f64ef38574fd39b is-layout-flow wp-block-column-is-layout-flow\">\n<h4 class=\"wp-block-heading has-text-align-center has-black-color has-text-color has-link-color wp-elements-e4ab9e1894795eb5b842553e1fe58c0c\" style=\"font-size:36px\">60. SFP<\/h4>\n<\/div>\n\n\n\n<div class=\"wp-block-column is-vertically-aligned-stretch is-layout-flow wp-block-column-is-layout-flow\" style=\"flex-basis:260px\">\n<p class=\"has-text-align-center has-black-color has-text-color has-link-color wp-elements-37a19c0345089e09f3c5e42fad60af4f\" style=\"font-size:16px;font-style:normal;font-weight:100\">20 pa\u017cdziernika 2024<\/p>\n\n\n\n<p class=\"has-text-align-center has-black-color has-text-color has-link-color wp-elements-b03a1a09e7b700118744078512cc6bbc\" style=\"font-size:16px;font-style:normal;font-weight:400\"><a href=\"https:\/\/studenckifestiwal.pl\/index.php\/bilety\/#final\" data-type=\"page\" data-id=\"29\">Muzeum Sztuki i Techniki Japo\u0144skiej Manggha<br>ul. Marii Konopnickiej 26<\/a><\/p>\n<\/div>\n\n\n\n<div class=\"wp-block-column is-vertically-aligned-stretch has-black-color has-text-color has-link-color wp-elements-28d14b2e8f0aea354af3099562d4822d is-layout-flow wp-block-column-is-layout-flow\">\n<p class=\"has-text-align-center has-black-color has-text-color has-link-color wp-elements-a54b54aeb21a287b26055d209ac6bfd0\" style=\"font-size:16px;font-style:normal;font-weight:100\">Godzina<\/p>\n\n\n\n<h4 class=\"wp-block-heading has-text-align-center has-black-color has-text-color has-link-color wp-elements-1d506304f6f190923dd90b85571624fd\" style=\"font-size:36px;font-style:normal;font-weight:500\">19:00<\/h4>\n<\/div>\n\n\n\n<div class=\"wp-block-column is-vertically-aligned-stretch is-layout-flow wp-block-column-is-layout-flow\" style=\"flex-basis:360px\">\n<p class=\"has-text-align-center has-black-color has-text-color has-link-color wp-elements-b47d9236c4c6653bcb33739d4db0a8c2\" style=\"font-size:16px;font-style:normal;font-weight:100\">Koncert<\/p>\n\n\n\n<p class=\"has-text-align-center has-black-color has-text-color has-link-color wp-elements-9a00270e2e270fc8fe4d378ec6b8073b\" style=\"font-size:16px;font-style:normal;font-weight:100\">CZ\u0118\u015a\u0106 PIERWSZA<\/p>\n\n\n\n<p class=\"has-text-align-center has-black-color has-text-color has-link-color wp-elements-54156244beb6b39db81d09d245ffab0b\" style=\"font-size:16px;font-style:normal;font-weight:400\"><a href=\"https:\/\/studenckifestiwal.pl\/index.php\/bilety\/#final\" data-type=\"page\" data-id=\"29\">Koncert Laureat\u00f3w 60.SFP w Krakowie<\/a><\/p>\n\n\n\n<p class=\"has-text-align-center has-black-color has-text-color has-link-color wp-elements-cc432d5c83b34d3904e77bd1e6d29b79\" style=\"font-size:16px;font-style:normal;font-weight:100\">CZ\u0118\u015a\u0106 DRUGA<\/p>\n\n\n\n<p class=\"has-text-align-center has-black-color has-text-color has-link-color wp-elements-65ff77ea633c7cff0e15f7827960f174\" style=\"font-size:16px;font-style:normal;font-weight:400\"><a href=\"https:\/\/studenckifestiwal.pl\/index.php\/bilety\/#final\" data-type=\"page\" data-id=\"29\">Marek Dyjak i go\u015bcie<\/a><\/p>\n<\/div>\n<\/div>\n<\/div><\/div>\n<\/div><\/div>\n\n\n\n<div class=\"wp-block-group alignfull has-black-background-color has-background\" id=\"video\"><div class=\"wp-block-group__inner-container is-layout-constrained wp-block-group-is-layout-constrained\">\n<div class=\"wp-block-group container\"><div class=\"wp-block-group__inner-container is-layout-constrained wp-block-group-is-layout-constrained\">\n<h3 class=\"wp-block-heading has-text-align-center has-white-color has-text-color has-link-color wp-elements-79ef31a84f27a47557f1b4be819fda04\">Wideo<\/h3>\n\n\n\n<div class=\"wp-block-columns container is-layout-flex wp-container-core-columns-is-layout-9d6595d7 wp-block-columns-is-layout-flex\">\n<div class=\"wp-block-column is-layout-flow wp-block-column-is-layout-flow\">\n<figure class=\"wp-block-embed is-type-video is-provider-youtube wp-block-embed-youtube wp-embed-aspect-16-9 wp-has-aspect-ratio\"><div class=\"wp-block-embed__wrapper\">\n<iframe loading=\"lazy\" title=\"Kilka Czu\u0142o\u015bci | 59. Studencki Festiwal Piosenki | Konkurs 21.10.2023\" width=\"880\" height=\"495\" src=\"https:\/\/www.youtube.com\/embed\/NSwl__QNjJk?feature=oembed\" frameborder=\"0\" allow=\"accelerometer; autoplay; clipboard-write; encrypted-media; gyroscope; picture-in-picture; web-share\" referrerpolicy=\"strict-origin-when-cross-origin\" allowfullscreen><\/iframe>\n<\/div><\/figure>\n<\/div>\n\n\n\n<div class=\"wp-block-column is-layout-flow wp-block-column-is-layout-flow\">\n<figure class=\"wp-block-embed is-type-video is-provider-youtube wp-block-embed-youtube wp-embed-aspect-16-9 wp-has-aspect-ratio\"><div class=\"wp-block-embed__wrapper\">\n<iframe loading=\"lazy\" title=\"Falochron | 58. Studencki Festiwal Piosenki | Konkurs 22.10.2022\" width=\"880\" height=\"495\" src=\"https:\/\/www.youtube.com\/embed\/1Zxe8GsLtwk?feature=oembed\" frameborder=\"0\" allow=\"accelerometer; autoplay; clipboard-write; encrypted-media; gyroscope; picture-in-picture; web-share\" referrerpolicy=\"strict-origin-when-cross-origin\" allowfullscreen><\/iframe>\n<\/div><\/figure>\n<\/div>\n<\/div>\n\n\n\n<div class=\"wp-block-buttons is-content-justification-center is-layout-flex wp-container-core-buttons-is-layout-16018d1d wp-block-buttons-is-layout-flex\">\n<div class=\"wp-block-button is-style-fill\"><a class=\"wp-block-button__link wp-element-button\" href=\"https:\/\/www.youtube.com\/channel\/UCbLG78ZQT0EA_jS40_qRJNQ\" target=\"_blank\" rel=\"noreferrer noopener\">Youtube<\/a><\/div>\n<\/div>\n<\/div><\/div>\n<\/div><\/div>\n\n\n\n<div class=\"wp-block-group alignfull has-black-color has-white-background-color has-text-color has-background has-link-color wp-elements-40601705fe38bbdac6e7ab2210b1e4cd is-vertical is-content-justification-center is-layout-flex wp-container-core-group-is-layout-4b2eccd6 wp-block-group-is-layout-flex\" id=\"contact\">\n<h3 class=\"wp-block-heading has-text-align-center has-black-color has-text-color has-link-color wp-elements-c24ae367545f31bbfc1e403c1488cf1f\">Kontakt<\/h3>\n\n\n\n<div class=\"wp-block-contact-form-7-contact-form-selector\">\n<div class=\"wpcf7 no-js\" id=\"wpcf7-f680-o1\" lang=\"pl-PL\" dir=\"ltr\" data-wpcf7-id=\"680\">\n<div class=\"screen-reader-response\"><p role=\"status\" aria-live=\"polite\" aria-atomic=\"true\"><\/p> <ul><\/ul><\/div>\n<form action=\"\/index.php\/wp-json\/wp\/v2\/pages\/3034#wpcf7-f680-o1\" method=\"post\" class=\"wpcf7-form init\" aria-label=\"Formularz kontaktowy\" novalidate=\"novalidate\" data-status=\"init\">\n<fieldset class=\"hidden-fields-container\"><input type=\"hidden\" name=\"_wpcf7\" value=\"680\" \/><input type=\"hidden\" name=\"_wpcf7_version\" value=\"6.1.5\" \/><input type=\"hidden\" name=\"_wpcf7_locale\" value=\"pl_PL\" \/><input type=\"hidden\" name=\"_wpcf7_unit_tag\" value=\"wpcf7-f680-o1\" \/><input type=\"hidden\" name=\"_wpcf7_container_post\" value=\"0\" \/><input type=\"hidden\" name=\"_wpcf7_posted_data_hash\" value=\"\" \/>\n<\/fieldset>\n<p><span id=\"wpcf7-6a060b82afcd3-wrapper\" class=\"wpcf7-form-control-wrap honeypot-wrap\" style=\"display:none !important; visibility:hidden !important;\"><label for=\"wpcf7-6a060b82afcd3-field\" class=\"hp-message\">Please leave this field empty.<\/label><input id=\"wpcf7-6a060b82afcd3-field\"  class=\"wpcf7-form-control wpcf7-text\" type=\"text\" name=\"honeypot\" value=\"\" size=\"40\" tabindex=\"-1\" autocomplete=\"new-password\" \/><\/span><br \/>\n<span class=\"wpcf7-form-control-wrap\" data-name=\"firstname\"><input size=\"40\" maxlength=\"400\" class=\"wpcf7-form-control wpcf7-text\" aria-invalid=\"false\" placeholder=\"Imi\u0119 i nazwisko\" value=\"\" type=\"text\" name=\"firstname\" \/><\/span><br \/>\n<span class=\"wpcf7-form-control-wrap\" data-name=\"email\"><input size=\"40\" maxlength=\"400\" class=\"wpcf7-form-control wpcf7-email wpcf7-validates-as-required wpcf7-text wpcf7-validates-as-email\" aria-required=\"true\" aria-invalid=\"false\" placeholder=\"Adres e-mail\" value=\"\" type=\"email\" name=\"email\" \/><\/span><br \/>\n<span class=\"wpcf7-form-control-wrap\" data-name=\"message\"><textarea cols=\"40\" rows=\"10\" maxlength=\"2000\" class=\"wpcf7-form-control wpcf7-textarea\" aria-invalid=\"false\" placeholder=\"Tre\u015b\u0107 wiadomo\u015bci\" name=\"message\"><\/textarea><\/span><br \/>\n<span class=\"wpcf7-form-control-wrap\" data-name=\"acceptance\"><span class=\"wpcf7-form-control wpcf7-acceptance\"><span class=\"wpcf7-list-item\"><label><input type=\"checkbox\" name=\"acceptance\" value=\"1\" aria-invalid=\"false\" \/><span class=\"wpcf7-list-item-label\">Wyra\u017cam zgod\u0119 na przetwarzanie moich danych osobowych przez SFP dla cel\u00f3w zwi\u0105zanych z dzia\u0142alno\u015bci\u0105 artystyczn\u0105, jednocze\u015bnie potwierdzam, i\u017c zosta\u0142em poinformowany o tym, i\u017c b\u0119d\u0119 posiada\u0107 dost\u0119p do tre\u015bci swoich danych do ich edycji lub usuni\u0119cia.<\/span><\/label><\/span><\/span><\/span><br \/>\n<input class=\"wpcf7-form-control wpcf7-submit has-spinner\" type=\"submit\" value=\"Wy\u015blij\" \/>\n<\/p><div class=\"wpcf7-response-output\" aria-hidden=\"true\"><\/div>\n<\/form>\n<\/div>\n<\/div>\n<\/div>\n\n\n<!-- wp:themify-builder\/canvas \/-->","protected":false},"excerpt":{"rendered":"<p>Aktualno\u015bci O festiwalu Studencki Festiwal Piosenki to najstarszych Festiwal tw\u00f3rczo\u015bci autorskiej w Polsce. Od 1962 roku, jest jednym z najwa\u017cniejszych<\/p>\n<p><a href=\"https:\/\/studenckifestiwal.pl\/index.php\/strona-glowna\/\" class=\"more-link\">Czytaj wi\u0119cej<span class=\"screen-reader-text\">Strona g\u0142\u00f3wna<\/span><\/a><\/p>\n","protected":false},"author":1,"featured_media":0,"parent":0,"menu_order":0,"comment_status":"closed","ping_status":"closed","template":"page-templates\/custom-home-page.php","meta":{"ngg_post_thumbnail":0,"footnotes":""},"class_list":["post-3034","page","type-page","status-publish","hentry"],"builder_content":"","_links":{"self":[{"href":"https:\/\/studenckifestiwal.pl\/index.php\/wp-json\/wp\/v2\/pages\/3034","targetHints":{"allow":["GET"]}}],"collection":[{"href":"https:\/\/studenckifestiwal.pl\/index.php\/wp-json\/wp\/v2\/pages"}],"about":[{"href":"https:\/\/studenckifestiwal.pl\/index.php\/wp-json\/wp\/v2\/types\/page"}],"author":[{"embeddable":true,"href":"https:\/\/studenckifestiwal.pl\/index.php\/wp-json\/wp\/v2\/users\/1"}],"replies":[{"embeddable":true,"href":"https:\/\/studenckifestiwal.pl\/index.php\/wp-json\/wp\/v2\/comments?post=3034"}],"version-history":[{"count":147,"href":"https:\/\/studenckifestiwal.pl\/index.php\/wp-json\/wp\/v2\/pages\/3034\/revisions"}],"predecessor-version":[{"id":3371,"href":"https:\/\/studenckifestiwal.pl\/index.php\/wp-json\/wp\/v2\/pages\/3034\/revisions\/3371"}],"wp:attachment":[{"href":"https:\/\/studenckifestiwal.pl\/index.php\/wp-json\/wp\/v2\/media?parent=3034"}],"curies":[{"name":"wp","href":"https:\/\/api.w.org\/{rel}","templated":true}]}}