{"id":29,"date":"2018-06-16T23:42:52","date_gmt":"2018-06-16T21:42:52","guid":{"rendered":"http:\/\/studenckifestiwal.pl\/?page_id=29"},"modified":"2025-09-09T21:50:48","modified_gmt":"2025-09-09T19:50:48","slug":"bilety","status":"publish","type":"page","link":"https:\/\/studenckifestiwal.pl\/index.php\/bilety\/","title":{"rendered":"Bilety"},"content":{"rendered":"<!--themify_builder_content-->\n<div id=\"themify_builder_content-29\" data-postid=\"29\" class=\"themify_builder_content themify_builder_content-29 themify_builder tf_clear\">\n                    <div  data-lazy=\"1\" class=\"module_row themify_builder_row tb_djcx710 tb_first tf_w\">\n                        <div class=\"row_inner col_align_top tb_col_count_1 tf_box tf_rel\">\n                        <div  data-lazy=\"1\" class=\"module_column tb-column col-full tb_km7f710 first\">\n                    <!-- module text -->\n<div  class=\"module module-text tb_13i2717   \" data-lazy=\"1\">\n        <div  class=\"tb_text_wrap\">\n        <p style=\"text-align: center;\"><img loading=\"lazy\" decoding=\"async\" class=\"alignnone size-full wp-image-3737\" src=\"http:\/\/studenckifestiwal.pl\/wp-content\/uploads\/2025\/07\/800x600px-Jedrys.png\" alt=\"\" width=\"500\" height=\"500\" srcset=\"https:\/\/studenckifestiwal.pl\/wp-content\/uploads\/2025\/07\/800x600px-Jedrys.png 500w, https:\/\/studenckifestiwal.pl\/wp-content\/uploads\/2025\/07\/800x600px-Jedrys-300x300.png 300w, https:\/\/studenckifestiwal.pl\/wp-content\/uploads\/2025\/07\/800x600px-Jedrys-150x150.png 150w\" sizes=\"auto, (max-width: 500px) 100vw, 500px\" \/><\/p>\n<p style=\"text-align: center;\"><strong>Czwartek, 16 pa\u017adziernika 2025<\/strong> \u2013 godz. 20:00<br>Teatr Loch Camelot, ul. \u015aw. Tomasza 17<\/p>\n<p style=\"text-align: center;\">Koncert: <span class=\"html-span xdj266r x14z9mp xat24cr x1lziwak xexx8yu xyri2b x18d9i69 x1c1uobl x1hl2dhg x16tdsg8 x1vvkbs\"><a class=\"x1i10hfl xjbqb8w x1ejq31n x18oe1m7 x1sy0etr xstzfhl x972fbf x10w94by x1qhh985 x14e42zd x9f619 x1ypdohk xt0psk2 xe8uvvx xdj266r x14z9mp xat24cr x1lziwak xexx8yu xyri2b x18d9i69 x1c1uobl x16tdsg8 x1hl2dhg xggy1nq x1a2a7pz xkrqix3 x1sur9pj x1fey0fg x1s688f\" tabindex=\"0\" role=\"link\" href=\"https:\/\/www.facebook.com\/events\/707733358930846\/?__cft__[0]=AZWcFrzlZEiCGizPw2lLqjerZLKYAqs7yw9G_IRp7IvYqxGdqi2wqIpoi02BduON9WIQgzl9iC6w2Vw2vbYR6XJKcdtC-b1j6JCsMvUwzpWalPtnmHkvmzjErEQ-36VzEdBey6GJbOXALyvWvUSKIXsjxX7ZKbb-4TWs1H82RL0VZrhpswtQAhDSucz1QgB7C724a8y2uIhXUjDvAERj8wY8&amp;__tn__=-UK-R\"><span class=\"xt0psk2\"><span class=\"xjp7ctv\">\u0141ukasz J\u0119drys \u2013 \u201ePiosenki z \u017bywicy<\/span><\/span><\/a><\/span><\/p>\n<p style=\"text-align: center;\">(laureat 58. edycji SFP \u2013 2022)<\/p>\n<p style=\"text-align: center;\">Bilety: <a href=\"https:\/\/bkb.pl\/171347-7ed42\">https:\/\/bkb.pl\/171347-7ed42<\/a><\/p>\n<p style=\"text-align: center;\"><img loading=\"lazy\" decoding=\"async\" class=\"aligncenter wp-image-3676 size-full\" src=\"http:\/\/studenckifestiwal.pl\/wp-content\/uploads\/2025\/05\/1200x1200-px-bez-napisow-e1747649176705.png\" alt=\"\" width=\"500\" height=\"500\"><\/p>\n<p style=\"text-align: center;\"><strong>Pi\u0105tek, 17 pa\u017adziernika 2025<\/strong> \u2013 godz. 20:00<br><em>Nowohuckie Centrum Kultury, al. Jana Paw\u0142a II 232<\/em><\/p>\n<p style=\"text-align: center;\">Recital: <em>Zbigniew Zamachowski \u2013 \u201eNie tylko o mi\u0142o\u015bci\u201d<\/em><br>(laureat 20. edycji SFP \u2013 1984)<\/p>\n<p style=\"text-align: center;\">Bilety: <a href=\"https:\/\/biletyna.pl\/koncert\/ZBIGNIEW-ZAMACHOWSKI-NIE-TYLKO-O-MILOSCI-Recital-w-ramach-61-Studenckiego-Festiwalu-Piosenki-w-Krakowie\/Krakow\">https:\/\/biletyna.pl\/koncert\/ZBIGNIEW-ZAMACHOWSKI-NIE-TYLKO-O-MILOSCI-Recital-w-ramach-61-Studenckiego-Festiwalu-Piosenki-w-Krakowie\/Krakow<\/a><\/p>\n<p style=\"text-align: center;\"><img loading=\"lazy\" decoding=\"async\" class=\"alignnone size-full wp-image-3698\" src=\"http:\/\/studenckifestiwal.pl\/wp-content\/uploads\/2025\/06\/sobota-800-x-600-px--e1748941539455.png\" alt=\"\" width=\"500\" height=\"375\"><\/p>\n<p style=\"text-align: center;\"><strong>Sobota, 18 pa\u017adziernika 2025<\/strong> \u2013 godz. 19:00<br>&nbsp; &nbsp; &nbsp; &nbsp; &nbsp; Muzeum Sztuki i Techniki Japo\u0144skiej Manggha ul. Marii Konopnickiej 26<\/p>\n<p style=\"text-align: center;\">Recital: Karolina Cicha &amp; Sp\u00f3\u0142ka \u2013 \u201ePrzegl\u0105d poezji polskiej\u201d (laureatka SFP \u2013 2006)<\/p>\n<p style=\"text-align: center;\">Bilety: <a href=\"https:\/\/bkb.pl\/167764-f1f0d\">https:\/\/bkb.pl\/167764-f1f0d<\/a><\/p>\n<p style=\"text-align: center;\"><img loading=\"lazy\" decoding=\"async\" class=\"alignnone size-full wp-image-3727\" src=\"http:\/\/studenckifestiwal.pl\/wp-content\/uploads\/2025\/06\/Bez-tytulu.jpg\" alt=\"\" width=\"547\" height=\"365\" srcset=\"https:\/\/studenckifestiwal.pl\/wp-content\/uploads\/2025\/06\/Bez-tytulu.jpg 547w, https:\/\/studenckifestiwal.pl\/wp-content\/uploads\/2025\/06\/Bez-tytulu-300x200.jpg 300w, https:\/\/studenckifestiwal.pl\/wp-content\/uploads\/2025\/06\/Bez-tytulu-507x338.jpg 507w\" sizes=\"auto, (max-width: 547px) 100vw, 547px\" \/><\/p>\n<p style=\"text-align: center;\"><strong>Sobota, 19 pa\u017adziernika 2025<\/strong> \u2013 godz. 19:00<br>&nbsp; &nbsp; &nbsp; &nbsp; &nbsp; Klub STUDIO ul. Witolda Budryka 4<\/p>\n<p style=\"text-align: center;\">Koncert Fina\u0142owy: Maryla Rodowicz (laureatka SFP \u2013 1967)<\/p>\n<p style=\"text-align: center;\">Bilety: <a href=\"https:\/\/ticketclub.pl\/koncerty\/maryla-rodowicz-61-studencki-festiwal-piosenki-klub-studio-krakow-4045\/\">https:\/\/ticketclub.pl\/koncerty\/maryla-rodowicz-61-studencki-festiwal-piosenki-klub-studio-krakow-4045\/<\/a><\/p>    <\/div>\n<\/div>\n<!-- \/module text -->        <\/div>\n                        <\/div>\n        <\/div>\n        <\/div>\n<!--\/themify_builder_content-->","protected":false},"excerpt":{"rendered":"<p>Czwartek, 16 pa\u017adziernika 2025 \u2013 godz. 20:00Teatr Loch Camelot, ul. \u015aw. Tomasza 17 Koncert: \u0141ukasz J\u0119drys \u2013 \u201ePiosenki z \u017bywicy<\/p>\n<p><a href=\"https:\/\/studenckifestiwal.pl\/index.php\/bilety\/\" class=\"more-link\">Czytaj wi\u0119cej<span class=\"screen-reader-text\">Bilety<\/span><\/a><\/p>\n","protected":false},"author":1,"featured_media":0,"parent":0,"menu_order":0,"comment_status":"closed","ping_status":"closed","template":"","meta":{"ngg_post_thumbnail":0,"footnotes":""},"class_list":["post-29","page","type-page","status-publish","hentry"],"builder_content":"<p style=\"text-align: center;\"><img loading=\"lazy\" decoding=\"async\" src=\"http:\/\/studenckifestiwal.pl\/wp-content\/uploads\/2025\/07\/800x600px-Jedrys.png\" alt=\"\" width=\"500\" height=\"500\" srcset=\"https:\/\/studenckifestiwal.pl\/wp-content\/uploads\/2025\/07\/800x600px-Jedrys.png 500w, https:\/\/studenckifestiwal.pl\/wp-content\/uploads\/2025\/07\/800x600px-Jedrys-300x300.png 300w, https:\/\/studenckifestiwal.pl\/wp-content\/uploads\/2025\/07\/800x600px-Jedrys-150x150.png 150w\" sizes=\"auto, (max-width: 500px) 100vw, 500px\" \/><\/p> <p style=\"text-align: center;\"><strong>Czwartek, 16 pa\u017adziernika 2025<\/strong> \u2013 godz. 20:00<br>Teatr Loch Camelot, ul. \u015aw. Tomasza 17<\/p> <p style=\"text-align: center;\">Koncert: <a tabindex=\"0\" role=\"link\" href=\"https:\/\/www.facebook.com\/events\/707733358930846\/?__cft__[0]=AZWcFrzlZEiCGizPw2lLqjerZLKYAqs7yw9G_IRp7IvYqxGdqi2wqIpoi02BduON9WIQgzl9iC6w2Vw2vbYR6XJKcdtC-b1j6JCsMvUwzpWalPtnmHkvmzjErEQ-36VzEdBey6GJbOXALyvWvUSKIXsjxX7ZKbb-4TWs1H82RL0VZrhpswtQAhDSucz1QgB7C724a8y2uIhXUjDvAERj8wY8&amp;__tn__=-UK-R\">\u0141ukasz J\u0119drys \u2013 \u201ePiosenki z \u017bywicy<\/a><\/p> <p style=\"text-align: center;\">(laureat 58. edycji SFP \u2013 2022)<\/p> <p style=\"text-align: center;\">Bilety: <a href=\"https:\/\/bkb.pl\/171347-7ed42\">https:\/\/bkb.pl\/171347-7ed42<\/a><\/p> <p style=\"text-align: center;\"><img loading=\"lazy\" decoding=\"async\" src=\"http:\/\/studenckifestiwal.pl\/wp-content\/uploads\/2025\/05\/1200x1200-px-bez-napisow-e1747649176705.png\" alt=\"\" width=\"500\" height=\"500\"><\/p> <p style=\"text-align: center;\"><strong>Pi\u0105tek, 17 pa\u017adziernika 2025<\/strong> \u2013 godz. 20:00<br><em>Nowohuckie Centrum Kultury, al. Jana Paw\u0142a II 232<\/em><\/p> <p style=\"text-align: center;\">Recital: <em>Zbigniew Zamachowski \u2013 \u201eNie tylko o mi\u0142o\u015bci\u201d<\/em><br>(laureat 20. edycji SFP \u2013 1984)<\/p> <p style=\"text-align: center;\">Bilety: <a href=\"https:\/\/biletyna.pl\/koncert\/ZBIGNIEW-ZAMACHOWSKI-NIE-TYLKO-O-MILOSCI-Recital-w-ramach-61-Studenckiego-Festiwalu-Piosenki-w-Krakowie\/Krakow\">https:\/\/biletyna.pl\/koncert\/ZBIGNIEW-ZAMACHOWSKI-NIE-TYLKO-O-MILOSCI-Recital-w-ramach-61-Studenckiego-Festiwalu-Piosenki-w-Krakowie\/Krakow<\/a><\/p> <p style=\"text-align: center;\"><img loading=\"lazy\" decoding=\"async\" src=\"http:\/\/studenckifestiwal.pl\/wp-content\/uploads\/2025\/06\/sobota-800-x-600-px--e1748941539455.png\" alt=\"\" width=\"500\" height=\"375\"><\/p> <p style=\"text-align: center;\"><strong>Sobota, 18 pa\u017adziernika 2025<\/strong> \u2013 godz. 19:00<br>&nbsp; &nbsp; &nbsp; &nbsp; &nbsp; Muzeum Sztuki i Techniki Japo\u0144skiej Manggha ul. Marii Konopnickiej 26<\/p> <p style=\"text-align: center;\">Recital: Karolina Cicha &amp; Sp\u00f3\u0142ka \u2013 \u201ePrzegl\u0105d poezji polskiej\u201d (laureatka SFP \u2013 2006)<\/p> <p style=\"text-align: center;\">Bilety: <a href=\"https:\/\/bkb.pl\/167764-f1f0d\">https:\/\/bkb.pl\/167764-f1f0d<\/a><\/p> <p style=\"text-align: center;\"><img loading=\"lazy\" decoding=\"async\" src=\"http:\/\/studenckifestiwal.pl\/wp-content\/uploads\/2025\/06\/Bez-tytulu.jpg\" alt=\"\" width=\"547\" height=\"365\" srcset=\"https:\/\/studenckifestiwal.pl\/wp-content\/uploads\/2025\/06\/Bez-tytulu.jpg 547w, https:\/\/studenckifestiwal.pl\/wp-content\/uploads\/2025\/06\/Bez-tytulu-300x200.jpg 300w, https:\/\/studenckifestiwal.pl\/wp-content\/uploads\/2025\/06\/Bez-tytulu-507x338.jpg 507w\" sizes=\"auto, (max-width: 547px) 100vw, 547px\" \/><\/p> <p style=\"text-align: center;\"><strong>Sobota, 19 pa\u017adziernika 2025<\/strong> \u2013 godz. 19:00<br>&nbsp; &nbsp; &nbsp; &nbsp; &nbsp; Klub STUDIO ul. Witolda Budryka 4<\/p> <p style=\"text-align: center;\">Koncert Fina\u0142owy: Maryla Rodowicz (laureatka SFP \u2013 1967)<\/p> <p style=\"text-align: center;\">Bilety: <a href=\"https:\/\/ticketclub.pl\/koncerty\/maryla-rodowicz-61-studencki-festiwal-piosenki-klub-studio-krakow-4045\/\">https:\/\/ticketclub.pl\/koncerty\/maryla-rodowicz-61-studencki-festiwal-piosenki-klub-studio-krakow-4045\/<\/a><\/p>","_links":{"self":[{"href":"https:\/\/studenckifestiwal.pl\/index.php\/wp-json\/wp\/v2\/pages\/29","targetHints":{"allow":["GET"]}}],"collection":[{"href":"https:\/\/studenckifestiwal.pl\/index.php\/wp-json\/wp\/v2\/pages"}],"about":[{"href":"https:\/\/studenckifestiwal.pl\/index.php\/wp-json\/wp\/v2\/types\/page"}],"author":[{"embeddable":true,"href":"https:\/\/studenckifestiwal.pl\/index.php\/wp-json\/wp\/v2\/users\/1"}],"replies":[{"embeddable":true,"href":"https:\/\/studenckifestiwal.pl\/index.php\/wp-json\/wp\/v2\/comments?post=29"}],"version-history":[{"count":130,"href":"https:\/\/studenckifestiwal.pl\/index.php\/wp-json\/wp\/v2\/pages\/29\/revisions"}],"predecessor-version":[{"id":3769,"href":"https:\/\/studenckifestiwal.pl\/index.php\/wp-json\/wp\/v2\/pages\/29\/revisions\/3769"}],"wp:attachment":[{"href":"https:\/\/studenckifestiwal.pl\/index.php\/wp-json\/wp\/v2\/media?parent=29"}],"curies":[{"name":"wp","href":"https:\/\/api.w.org\/{rel}","templated":true}]}}