{"id":1748,"date":"2020-03-02T22:11:16","date_gmt":"2020-03-02T21:11:16","guid":{"rendered":"http:\/\/studenckifestiwal.pl\/?page_id=1748"},"modified":"2024-10-10T17:46:31","modified_gmt":"2024-10-10T15:46:31","slug":"home","status":"publish","type":"page","link":"https:\/\/studenckifestiwal.pl\/","title":{"rendered":"Home"},"content":{"rendered":"<!--themify_builder_content-->\n<div id=\"themify_builder_content-1748\" data-postid=\"1748\" class=\"themify_builder_content themify_builder_content-1748 themify_builder tf_clear\">\n                    <div  data-lazy=\"1\" class=\"module_row themify_builder_row tb_68mq337 tb_first tf_w\">\n                        <div class=\"row_inner col_align_top tb_col_count_1 tf_box tf_rel\">\n                        <div  data-lazy=\"1\" class=\"module_column tb-column col-full tb_z4bs339 first\">\n                    <!-- module post -->\n<div  class=\"module module-post tb_9175919  tb_fullwidth_image\">\n<h3 class=\"module-title\">Aktualno\u015bci<\/h3>    <div  class=\"builder-posts-wrap loops-wrapper grid2 tf_clear tf_clearfix\" data-lazy=\"1\">\n    \n                    \n                    <article id=\"post-3814\" class=\"post tf_clearfix post-3814 type-post status-publish format-standard has-post-thumbnail hentry category-slider\">\n\n                    \n                    \n                                <figure class=\"post-image\">\n                                                                        <a href=\"https:\/\/studenckifestiwal.pl\/index.php\/2026\/01\/29\/werdykt-61-sfp\/\"><img loading=\"lazy\" decoding=\"async\" width=\"500\" height=\"500\" src=\"https:\/\/studenckifestiwal.pl\/wp-content\/uploads\/2025\/05\/SFP-2025-zdjecie-profilowe.jpg\" class=\"wp-post-image wp-image-3671\" title=\"SFP 2025 zdjecie profilowe\" alt=\"SFP 2025 zdjecie profilowe\" srcset=\"https:\/\/studenckifestiwal.pl\/wp-content\/uploads\/2025\/05\/SFP-2025-zdjecie-profilowe.jpg 500w, https:\/\/studenckifestiwal.pl\/wp-content\/uploads\/2025\/05\/SFP-2025-zdjecie-profilowe-300x300.jpg 300w, https:\/\/studenckifestiwal.pl\/wp-content\/uploads\/2025\/05\/SFP-2025-zdjecie-profilowe-150x150.jpg 150w\" sizes=\"auto, (max-width: 500px) 100vw, 500px\" \/><\/a>\n                                                                <\/figure>\n\n                                    \n                        <div class=\"post-content\">\n\n                        \n                                                                                            <h2 class=\"post-title\">\n                                                                    <a href=\"https:\/\/studenckifestiwal.pl\/index.php\/2026\/01\/29\/werdykt-61-sfp\/\">Werdykt 61.SFP<\/a>\n                                                                <\/h2>\n                                                            \n                            \n                                <p>Protok\u00f3\u0142 JURY&nbsp;Jury w sk\u0142adzie:Jaros\u0142aw Wasik \u2013 przewodnicz\u0105cyEwa KorneckaEwa \u015anie\u017cankaArtur OrzechJan Poprawa&nbsp;Po wys\u0142uchaniu 25 wykonawc\u00f3w zakwalifikowanych do udzia\u0142u w Konkursie 61.<\/p>\n<p><a href=\"https:\/\/studenckifestiwal.pl\/index.php\/2026\/01\/29\/werdykt-61-sfp\/\" class=\"more-link\">Czytaj wi\u0119cej<span class=\"screen-reader-text\">Werdykt 61.SFP<\/span><\/a><\/p>\n                            \n                        <\/div>\n                        <!-- \/.post-content -->\n                                \n                    <\/article>\n            \n                        \n                    \n                    <article id=\"post-3788\" class=\"post tf_clearfix post-3788 type-post status-publish format-standard has-post-thumbnail hentry category-slider\">\n\n                    \n                    \n                                <figure class=\"post-image\">\n                                                                        <a href=\"https:\/\/studenckifestiwal.pl\/index.php\/2025\/10\/09\/konkurs-61-sfp\/\"><img loading=\"lazy\" decoding=\"async\" width=\"500\" height=\"500\" src=\"https:\/\/studenckifestiwal.pl\/wp-content\/uploads\/2025\/10\/PlakatKonkursGrafika_dRUK.jpg\" class=\"wp-post-image wp-image-3793\" title=\"PlakatKonkursGrafika_dRUK\" alt=\"PlakatKonkursGrafika_dRUK\" srcset=\"https:\/\/studenckifestiwal.pl\/wp-content\/uploads\/2025\/10\/PlakatKonkursGrafika_dRUK.jpg 500w, https:\/\/studenckifestiwal.pl\/wp-content\/uploads\/2025\/10\/PlakatKonkursGrafika_dRUK-300x300.jpg 300w, https:\/\/studenckifestiwal.pl\/wp-content\/uploads\/2025\/10\/PlakatKonkursGrafika_dRUK-150x150.jpg 150w\" sizes=\"auto, (max-width: 500px) 100vw, 500px\" \/><\/a>\n                                                                <\/figure>\n\n                                    \n                        <div class=\"post-content\">\n\n                        \n                                                                                            <h2 class=\"post-title\">\n                                                                    <a href=\"https:\/\/studenckifestiwal.pl\/index.php\/2025\/10\/09\/konkurs-61-sfp\/\">\u00a0Konkurs | 61.SFP<\/a>\n                                                                <\/h2>\n                                                            \n                            \n                                <p>&nbsp;Festiwalowiczki i Festiwalowicze!&nbsp;Pami\u0119tacie, \u017ce&nbsp;Studencki Festiwal Piosenki&nbsp;to przede wszystkim\u2026 KONKURS!&nbsp;Ju\u017c w sobot\u0119, 18 pa\u017adziernika, o godz. 11:00 spotykamy si\u0119 w&nbsp;Muzeum Sztuki<\/p>\n<p><a href=\"https:\/\/studenckifestiwal.pl\/index.php\/2025\/10\/09\/konkurs-61-sfp\/\" class=\"more-link\">Czytaj wi\u0119cej<span class=\"screen-reader-text\">\u00a0Konkurs | 61.SFP<\/span><\/a><\/p>\n                            \n                        <\/div>\n                        <!-- \/.post-content -->\n                                \n                    <\/article>\n            \n                        \n                    \n                    <article id=\"post-3736\" class=\"post tf_clearfix post-3736 type-post status-publish format-standard has-post-thumbnail hentry category-slider\">\n\n                    \n                    \n                                <figure class=\"post-image\">\n                                                                        <a href=\"https:\/\/studenckifestiwal.pl\/index.php\/2025\/07\/10\/lukasz-jedrys-piosenki-z-zywicy-61-studencki-festiwal-piosenki\/\"><img loading=\"lazy\" decoding=\"async\" width=\"500\" height=\"500\" src=\"https:\/\/studenckifestiwal.pl\/wp-content\/uploads\/2025\/07\/800x600px-Jedrys.png\" class=\"wp-post-image wp-image-3737\" title=\"800x600px Je\u0328drys\" alt=\"800x600px Je\u0328drys\" srcset=\"https:\/\/studenckifestiwal.pl\/wp-content\/uploads\/2025\/07\/800x600px-Jedrys.png 500w, https:\/\/studenckifestiwal.pl\/wp-content\/uploads\/2025\/07\/800x600px-Jedrys-300x300.png 300w, https:\/\/studenckifestiwal.pl\/wp-content\/uploads\/2025\/07\/800x600px-Jedrys-150x150.png 150w\" sizes=\"auto, (max-width: 500px) 100vw, 500px\" \/><\/a>\n                                                                <\/figure>\n\n                                    \n                        <div class=\"post-content\">\n\n                        \n                                                                                            <h2 class=\"post-title\">\n                                                                    <a href=\"https:\/\/studenckifestiwal.pl\/index.php\/2025\/07\/10\/lukasz-jedrys-piosenki-z-zywicy-61-studencki-festiwal-piosenki\/\">\u0141ukasz J\u0119drys &#8211; &#8222;Piosenki z \u017bywicy | 61. Studencki Festiwal Piosenki<\/a>\n                                                                <\/h2>\n                                                            \n                            \n                                <p>Czas na ostatnie og\u0142oszenie tegorocznego programu Festiwalu!&nbsp; Tegoroczn\u0105 edycj\u0119 zainauguruje zwyci\u0119zca 58. SFP z 2022 roku \u2013 \u0141ukasz J\u0119drys.&nbsp; Koncert:<\/p>\n<p><a href=\"https:\/\/studenckifestiwal.pl\/index.php\/2025\/07\/10\/lukasz-jedrys-piosenki-z-zywicy-61-studencki-festiwal-piosenki\/\" class=\"more-link\">Czytaj wi\u0119cej<span class=\"screen-reader-text\">\u0141ukasz J\u0119drys &#8211; &#8222;Piosenki z \u017bywicy | 61. Studencki Festiwal Piosenki<\/span><\/a><\/p>\n                            \n                        <\/div>\n                        <!-- \/.post-content -->\n                                \n                    <\/article>\n            \n                        \n                    \n                    <article id=\"post-3725\" class=\"post tf_clearfix post-3725 type-post status-publish format-standard has-post-thumbnail hentry category-slider\">\n\n                    \n                    \n                                <figure class=\"post-image\">\n                                                                        <a href=\"https:\/\/studenckifestiwal.pl\/index.php\/2025\/06\/17\/maryla-rodowicz-61-sfp\/\"><img loading=\"lazy\" decoding=\"async\" width=\"550\" height=\"550\" src=\"https:\/\/studenckifestiwal.pl\/wp-content\/uploads\/2025\/06\/1200x1200-px-M.Rodowicz.png\" class=\"wp-post-image wp-image-3721\" title=\"1200x1200 px M.Rodowicz\" alt=\"1200x1200 px M.Rodowicz\" srcset=\"https:\/\/studenckifestiwal.pl\/wp-content\/uploads\/2025\/06\/1200x1200-px-M.Rodowicz.png 550w, https:\/\/studenckifestiwal.pl\/wp-content\/uploads\/2025\/06\/1200x1200-px-M.Rodowicz-300x300.png 300w, https:\/\/studenckifestiwal.pl\/wp-content\/uploads\/2025\/06\/1200x1200-px-M.Rodowicz-150x150.png 150w\" sizes=\"auto, (max-width: 550px) 100vw, 550px\" \/><\/a>\n                                                                <\/figure>\n\n                                    \n                        <div class=\"post-content\">\n\n                        \n                                                                                            <h2 class=\"post-title\">\n                                                                    <a href=\"https:\/\/studenckifestiwal.pl\/index.php\/2025\/06\/17\/maryla-rodowicz-61-sfp\/\">Maryla Rodowicz | 61.SFP<\/a>\n                                                                <\/h2>\n                                                            \n                            \n                                <p>&nbsp;Legenda wraca tam, gdzie wszystko si\u0119 zacz\u0119\u0142o!To b\u0119dzie wiecz\u00f3r pe\u0142en wzrusze\u0144, wspomnie\u0144 i absolutnej muzycznej magii.&nbsp;Maryla Rodowicz, niekwestionowana ikona polskiej<\/p>\n<p><a href=\"https:\/\/studenckifestiwal.pl\/index.php\/2025\/06\/17\/maryla-rodowicz-61-sfp\/\" class=\"more-link\">Czytaj wi\u0119cej<span class=\"screen-reader-text\">Maryla Rodowicz | 61.SFP<\/span><\/a><\/p>\n                            \n                        <\/div>\n                        <!-- \/.post-content -->\n                                \n                    <\/article>\n            \n                            <\/div><!-- .builder-posts-wrap -->\n            <\/div>\n<!-- \/module post -->\n    <!-- module buttons -->\n<div  class=\"module module-buttons tb_n9fu15 buttons-horizontal solid   rounded\" data-lazy=\"1\">\n        <div class=\"module-buttons-item tf_in_flx\">\n                        <a href=\"http:\/\/studenckifestiwal.pl\/index.php\/aktualnosci\/\" class=\"ui builder_button tf_in_flx transparent\" target=\"_blank\" rel=\"noopener\">\n                                                WI\u0118CEJ                                        <\/a>\n                <\/div>\n            <\/div>\n<!-- \/module buttons -->\n<div  class=\"module themify_builder_slider_wrap tf_clearfix module-slider tb_0p4t451  slider-default themify_builder_slider_vertical \" data-lazy=\"1\">\n    <h3 class=\"module-title\">Video<\/h3>    <div class=\"themify_builder_slider tf_carousel tf_swiper-container tf_rel tf_overflow\" data-lazy=\"1\"        data-visible=\"2\"\n        data-tab-visible=\"1\"\n        data-mob-visible=\"1\"\n        data-scroll=\"1\"\n                    data-nav_out=\"1\"\n                            data-auto=\"4000\"\n            data-controller=\"0\"\n            data-pause_hover=\"1\"\n                data-speed=\"1\"\n        data-wrapvar=\"1\"\n        data-slider_nav=\"1\"\n        data-pager=\"0\"\n        data-effect=\"scroll\" \n        data-height=\"variable\"\n        data-css_url=\"https:\/\/studenckifestiwal.pl\/wp-content\/plugins\/themify-builder\/css\/modules\/sliders\/carousel,https:\/\/studenckifestiwal.pl\/wp-content\/plugins\/themify-builder\/css\/modules\/sliders\/slider\"\n                    data-type=\"video\">\n        <div class=\"tf_swiper-wrapper tf_lazy tf_rel tf_w tf_h tf_textc\">\n                    <div class=\"tf_swiper-slide\">            <div class=\"slide-inner-wrap\">\n                                <div class=\"slide-image tf_rel tf_lazy tf_overflow\">\n                                            <div class=\"video-wrap\"><noscript><iframe data-no-script src=\"https:\/\/www.youtube.com\/embed\/hBZiS7tswm0?pip=1&#038;playsinline=1&#038;t=39s\" allow=\"accelerometer;encrypted-media;gyroscope;picture-in-picture;fullscreen\" class=\"tf_abs tf_w tf_h\"><\/iframe><\/noscript><\/div>\n                                    <\/div>\n                                                    <div class=\"slide-content tb_text_wrap\">\n                                                <h3 class=\"slide-title\">\n                                                            Koncert Laureat\u00f3w | 59. Studencki Festiwal Piosenki | 22.10.2023                                                    <\/h3>\n                                                                    <\/div>\n                            <\/div>\n        <\/div>            <div class=\"tf_swiper-slide\">            <div class=\"slide-inner-wrap\">\n                                <div class=\"slide-image tf_rel tf_lazy tf_overflow\">\n                                            <div class=\"video-wrap\"><noscript><iframe data-no-script src=\"https:\/\/www.youtube.com\/embed\/M_y51kA-j4A?pip=1&#038;playsinline=1\" allow=\"accelerometer;encrypted-media;gyroscope;picture-in-picture;fullscreen\" class=\"tf_abs tf_w tf_h\"><\/iframe><\/noscript><\/div>\n                                    <\/div>\n                                                    <div class=\"slide-content tb_text_wrap\">\n                                                <h3 class=\"slide-title\">\n                                                            Koncert Laureat\u00f3w | 58. Studencki Festiwal Piosenki | 23.10.2022 | ICE Krakow Congress Centre                                                    <\/h3>\n                                                                    <\/div>\n                            <\/div>\n        <\/div>            <\/div>\n    <\/div>\n<\/div>\n        <\/div>\n                        <\/div>\n        <\/div>\n        <\/div>\n<!--\/themify_builder_content-->\n\n<\/p>","protected":false},"excerpt":{"rendered":"","protected":false},"author":1,"featured_media":0,"parent":0,"menu_order":0,"comment_status":"closed","ping_status":"closed","template":"","meta":{"ngg_post_thumbnail":0,"footnotes":""},"class_list":["post-1748","page","type-page","status-publish","hentry"],"builder_content":"<a href=\"http:\/\/studenckifestiwal.pl\/index.php\/aktualnosci\/\" target=\"_blank\" rel=\"noopener\"> WI\u0118CEJ <\/a>\n<h3>Video<\/h3> <noscript><iframe data-no-script src=\"https:\/\/www.youtube.com\/embed\/hBZiS7tswm0?pip=1&#038;playsinline=1&#038;t=39s\" allow=\"accelerometer;encrypted-media;gyroscope;picture-in-picture;fullscreen\"><\/iframe><\/noscript> <h3> Koncert Laureat\u00f3w | 59. Studencki Festiwal Piosenki | 22.10.2023 <\/h3> <noscript><iframe data-no-script src=\"https:\/\/www.youtube.com\/embed\/M_y51kA-j4A?pip=1&#038;playsinline=1\" allow=\"accelerometer;encrypted-media;gyroscope;picture-in-picture;fullscreen\"><\/iframe><\/noscript> <h3> Koncert Laureat\u00f3w | 58. Studencki Festiwal Piosenki | 23.10.2022 | ICE Krakow Congress Centre <\/h3>","_links":{"self":[{"href":"https:\/\/studenckifestiwal.pl\/index.php\/wp-json\/wp\/v2\/pages\/1748","targetHints":{"allow":["GET"]}}],"collection":[{"href":"https:\/\/studenckifestiwal.pl\/index.php\/wp-json\/wp\/v2\/pages"}],"about":[{"href":"https:\/\/studenckifestiwal.pl\/index.php\/wp-json\/wp\/v2\/types\/page"}],"author":[{"embeddable":true,"href":"https:\/\/studenckifestiwal.pl\/index.php\/wp-json\/wp\/v2\/users\/1"}],"replies":[{"embeddable":true,"href":"https:\/\/studenckifestiwal.pl\/index.php\/wp-json\/wp\/v2\/comments?post=1748"}],"version-history":[{"count":294,"href":"https:\/\/studenckifestiwal.pl\/index.php\/wp-json\/wp\/v2\/pages\/1748\/revisions"}],"predecessor-version":[{"id":3592,"href":"https:\/\/studenckifestiwal.pl\/index.php\/wp-json\/wp\/v2\/pages\/1748\/revisions\/3592"}],"wp:attachment":[{"href":"https:\/\/studenckifestiwal.pl\/index.php\/wp-json\/wp\/v2\/media?parent=1748"}],"curies":[{"name":"wp","href":"https:\/\/api.w.org\/{rel}","templated":true}]}}