{"id":2501,"date":"2021-01-18T09:18:31","date_gmt":"2021-01-18T08:18:31","guid":{"rendered":"http:\/\/studenckifestiwal.pl\/?page_id=2501"},"modified":"2021-09-02T10:21:35","modified_gmt":"2021-09-02T08:21:35","slug":"regulamin_lineon","status":"publish","type":"page","link":"http:\/\/studenckifestiwal.pl\/index.php\/regulamin_lineon\/","title":{"rendered":"Regulamin Live-on"},"content":{"rendered":"<!--themify_builder_content-->\n<div id=\"themify_builder_content-2501\" data-postid=\"2501\" class=\"themify_builder_content themify_builder_content-2501 themify_builder tf_clear\">\n                    <div  data-lazy=\"1\" class=\"module_row themify_builder_row tb_1nnw666 tb_first tf_w\">\n                        <div class=\"row_inner col_align_top tb_col_count_1 tf_box tf_rel\">\n                        <div  data-lazy=\"1\" class=\"module_column tb-column col-full tb_20k8668 first\">\n                    <!-- module text -->\n<div  class=\"module module-text tb_2qqc518   \" data-lazy=\"1\">\n        <div  class=\"tb_text_wrap\">\n        <p><b>LIVE \u2013 ON<\/b><b><i>&nbsp; |&nbsp; <\/i><\/b><b>19.09.2021<\/b><\/p>\n<p><i><span style=\"font-weight: 400;\">Kwadrat, ul. Skar\u017cy\u0144skiego 1, Krak\u00f3w<\/span><\/i><\/p>\n<p><b><i>Regulamin Konkursu LIVE-ON<\/i><\/b><\/p>\n<ul>\n<li style=\"font-weight: 400;\" aria-level=\"1\"><b><i>Organizatorzy<\/i><\/b><\/li>\n<\/ul>\n<p><span style=\"font-weight: 400;\">Organizatorem Konkursu LIVE-ON jest Fundacja Studencki Festiwal Piosenki, ul. Papiernicza 2,&nbsp; 31-221 Krak\u00f3w<\/span><\/p>\n<ul>\n<li style=\"font-weight: 400;\" aria-level=\"1\"><b><i>Cele LIVE-ON&nbsp;<\/i><\/b><\/li>\n<\/ul>\n<ol>\n<li><span style=\"font-weight: 400;\"> prezentacja i promocja autorskiej tw\u00f3rczo\u015bci muzycznej i literackiej<\/span><\/li>\n<li><span style=\"font-weight: 400;\"> umo\u017cliwienie m\u0142odym tw\u00f3rcom i wykonawcom prezentacji ich tw\u00f3rczo\u015bci<\/span><\/li>\n<li><span style=\"font-weight: 400;\"> promocja wykonawc\u00f3w-debiutant\u00f3w \u015bpiewaj\u0105cych utwory s\u0142owno-muzyczne w j. polskim<\/span><\/li>\n<li><span style=\"font-weight: 400;\"> rozwijanie zainteresowania polsk\u0105 tw\u00f3rczo\u015bci\u0105 piosenkow\u0105 posiadaj\u0105c\u0105 warto\u015bciow\u0105 kompozycj\u0119 muzyczn\u0105 oraz warstw\u0119 liryczn\u0105, posiadaj\u0105ce warto\u015b\u0107 artystyczn\u0105<\/span><\/li>\n<li><span style=\"font-weight: 400;\"> mi\u0119dzypokoleniowa integracja \u015brodowiska muzyk\u00f3w-debiutant\u00f3w.<\/span><\/li>\n<li><span style=\"font-weight: 400;\"> integracja \u015brodowiska wielbicieli piosenki artystycznej i artyst\u00f3w, dziennikarzy, krytyk\u00f3w muzycznych, poet\u00f3w, autor\u00f3w tekst\u00f3w piosenek, kompozytor\u00f3w.<\/span><\/li>\n<li><span style=\"font-weight: 400;\"> wy\u0142onienie oraz nagrodzenie najlepszych tw\u00f3rc\u00f3w i wykonawc\u00f3w oraz ich dalsza promocja<\/span><\/li>\n<li><span style=\"font-weight: 400;\"> zakwalifikowanie najlepszych tw\u00f3rc\u00f3w i wykonawc\u00f3w do najstarszego Festiwalu piosenki autorskiej w Polsce &#8211; Studenckiego Festiwalu Piosenki w Krakowie.&nbsp;&nbsp;<\/span><\/li>\n<\/ol>\n<ul>\n<li aria-level=\"1\"><b><i>Udzia\u0142 w LIVE-ON<\/i><\/b><\/li>\n<\/ul>\n<ol>\n<li style=\"font-weight: 400;\" aria-level=\"1\"><span style=\"font-weight: 400;\">LIVE-ON skierowane jest do os\u00f3b powy\u017cej 18 roku \u017cycia, zar\u00f3wno do zawodowc\u00f3w, jak i do amator\u00f3w, wykonuj\u0105cych piosenki w j\u0119zyku polskim.<\/span><\/li>\n<li style=\"font-weight: 400;\" aria-level=\"1\"><span style=\"font-weight: 400;\">Warunkiem uczestnictwa w KFP jest przygotowanie i wykonanie dw\u00f3ch piosenek w j\u0119zyku polskim.&nbsp;<\/span><\/li>\n<li style=\"font-weight: 400;\" aria-level=\"1\"><span style=\"font-weight: 400;\">Zg\u0142oszenia do KFP potrwaj\u0105 <\/span><span style=\"font-weight: 400;\">od 2 wrze\u015bnia do 12 wrze\u015bnia 2021 roku <\/span><span style=\"font-weight: 400;\">\u2013 w tym terminie na stronie organizatora <\/span><a href=\"http:\/\/studenckifestiwal.pl\/\"><span style=\"font-weight: 400;\">http:\/\/studenckifestiwal.pl\/<\/span><\/a><span style=\"font-weight: 400;\"> dost\u0119pny b\u0119dzie aktywny formularz zg\u0142oszeniowy.&nbsp;<\/span><\/li>\n<li style=\"font-weight: 400;\" aria-level=\"1\"><span style=\"font-weight: 400;\">Przyjmowane b\u0119d\u0105 zg\u0142oszenia indywidualne i zespo\u0142owe.<\/span><\/li>\n<li style=\"font-weight: 400;\" aria-level=\"1\"><span style=\"font-weight: 400;\">Konkurs LIVE-ON odb\u0119dzie si\u0119 <\/span><span style=\"font-weight: 400;\">19 wrze\u015bnia 2021 roku<\/span><span style=\"font-weight: 400;\"> w Klubie Studenckim Kwadrat ul. Skar\u017cy\u0144skiego 1<\/span><\/li>\n<li style=\"font-weight: 400;\" aria-level=\"1\"><span style=\"font-weight: 400;\">Do prezentacji konkursowej mo\u017cna podej\u015b\u0107 z w\u0142asnym akompaniamentem lub zespo\u0142em. Nie jest mo\u017cliwe pod\u0142\u0105czenie podk\u0142adu.<\/span><\/li>\n<li style=\"font-weight: 400;\" aria-level=\"1\"><span style=\"font-weight: 400;\">Uczestnicy Konkursu s\u0105 zobowi\u0105zani do zaprezentowania podczas Konkursu repertuaru zadeklarowanego w formularzu zg\u0142oszeniowym.<\/span><\/li>\n<li style=\"font-weight: 400;\" aria-level=\"1\"><span style=\"font-weight: 400;\">Organizator zastrzega sobie prawo do przyj\u0119cia maksymalnie 20 zg\u0142osze\u0144, wys\u0142anych i wype\u0142nionych zgodnie z regulaminem. Zg\u0142oszenia niepe\u0142ne lub wys\u0142ane po wyznaczonym terminie lub po przekroczeniu liczby 20, nie zostan\u0105 przyj\u0119te, o czym uczestnik zostanie poinformowany.&nbsp;<\/span><\/li>\n<\/ol>\n<ul>\n<li aria-level=\"1\"><b><i>Jury LIVE-ON<\/i><\/b><\/li>\n<\/ul>\n<ol>\n<li style=\"list-style-type: none;\">\n<ol>\n<li style=\"font-weight: 400;\" aria-level=\"2\"><span style=\"font-weight: 400;\">Organizator powo\u0142uje Jury Konkursu LIVE-ON<\/span><\/li>\n<li style=\"font-weight: 400;\" aria-level=\"2\"><span style=\"font-weight: 400;\">Wszelkie werdykty og\u0142oszone przez Jury s\u0105 ostateczne i nie podlegaj\u0105 odwo\u0142aniu.<\/span><\/li>\n<li style=\"font-weight: 400;\" aria-level=\"2\"><span style=\"font-weight: 400;\">Cz\u0142onkowie Jury zobowi\u0105zani s\u0105 do zachowania nale\u017cytej staranno\u015bci <\/span><span style=\"font-weight: 400;\"><br><\/span><span style=\"font-weight: 400;\">w wykonywaniu swoich obowi\u0105zk\u00f3w oraz do uczestniczenia w obradach przez ca\u0142y czas ich trwania.&nbsp;<\/span><\/li>\n<\/ol>\n<\/li>\n<\/ol>\n<ul>\n<li aria-level=\"1\"><b><i>Nagrody<\/i><\/b><\/li>\n<\/ul>\n<ol>\n<li style=\"list-style-type: none;\">\n<ol>\n<li style=\"font-weight: 400;\" aria-level=\"2\"><span style=\"font-weight: 400;\">Nagrod\u0105 w Konkursie jest nominacja do 57. Studenckiego Festiwalu Piosenki w Krakowie.<\/span><\/li>\n<li style=\"font-weight: 400;\" aria-level=\"2\"><span style=\"font-weight: 400;\">O otrzymaniu nagr\u00f3d zespo\u0142owych i indywidualnych decyduje Jury Konkursu. O ewentualnych dodatkowych nagrodach, nie przyznanych przez Jury decyduje Organizator oraz Sponsorzy i Mecenasi Festiwalu.<\/span><\/li>\n<\/ol>\n<\/li>\n<\/ol>\n<ul>\n<li style=\"font-weight: 400;\" aria-level=\"1\"><b><i>Postanowienia ko\u0144cowe<\/i><\/b><\/li>\n<\/ul>\n<ol>\n<li style=\"font-weight: 400;\" aria-level=\"1\"><span style=\"font-weight: 400;\">Uczestnicy konkursu udzielaj\u0105 Organizatorom nieodp\u0142atnej licencji na: nagranie, odtwarzanie, wprowadzanie do obrotu, przetwarzanie, publiczne odtwarzanie w tym utrwalanie i wydawanie na wszystkich no\u015bnikach w czasie nieograniczonym piosenek prezentowanych w czasie konkursu oraz koncert\u00f3w towarzysz\u0105cych.<\/span><\/li>\n<li style=\"font-weight: 400;\" aria-level=\"1\"><span style=\"font-weight: 400;\">Wykonawcy wyra\u017caj\u0105 zgod\u0119 na ewentualne rejestracje i emisje radiowe, telewizyjne lub internetowe, oraz wydanie p\u0142yty DVD.<\/span><\/li>\n<li style=\"font-weight: 400;\" aria-level=\"1\"><span style=\"font-weight: 400;\">Organizator nie zapewnia Uczestnikom Konkursu zwrotu koszt\u00f3w podr\u00f3\u017cy ani nocleg\u00f3w.<\/span><\/li>\n<li style=\"font-weight: 400;\" aria-level=\"1\"><span style=\"font-weight: 400;\">Ostateczna interpretacja niniejszego Regulaminu nale\u017cy do Organizator\u00f3w.<\/span><\/li>\n<li style=\"font-weight: 400;\" aria-level=\"1\"><span style=\"font-weight: 400;\">Zg\u0142aszaj\u0105c si\u0119, wyra\u017casz zgod\u0119 na przetwarzanie Twoich danych osobowych <\/span><span style=\"font-weight: 400;\"><br><\/span><span style=\"font-weight: 400;\">w postaci danych zamieszczonych we wniosku, w celu mo\u017cliwo\u015bci wzi\u0119cia udzia\u0142u w Konkursie Piosenki Artystycznej. Zgoda na przetwarzanie danych osobowych jest udzielona dobrowolnie na podstawie art. 6 ust.1 lit. A rozporz\u0105dzenia Parlamentu Europejskiego i Rady (UE) 2016\/679 z 27 kwietnia 2016 r. w sprawie ochrony os\u00f3b fizycznych w zwi\u0105zku z przetwarzaniem danych osobowych i w sprawie swobodnego przep\u0142ywu takich danych oraz uchylenia dyrektywy 95\/46\/WE (og\u00f3lne rozporz\u0105dzenie o ochronie danych).&nbsp;<\/span><\/li>\n<li style=\"font-weight: 400;\" aria-level=\"1\"><span style=\"font-weight: 400;\">Udzia\u0142 Konkursie jest to\u017csamy z akceptacj\u0105 niniejszego regulaminu.<\/span><\/li>\n<li style=\"font-weight: 400;\" aria-level=\"1\"><span style=\"font-weight: 400;\">Organizator zastrzega sobie prawo dokonywania zmian w niniejszym regulaminie<\/span><\/li>\n<\/ol>    <\/div>\n<\/div>\n<!-- \/module text -->        <\/div>\n                        <\/div>\n        <\/div>\n        <\/div>\n<!--\/themify_builder_content-->","protected":false},"excerpt":{"rendered":"<p>LIVE \u2013 ON&nbsp; |&nbsp; 19.09.2021 Kwadrat, ul. Skar\u017cy\u0144skiego 1, Krak\u00f3w Regulamin Konkursu LIVE-ON Organizatorzy Organizatorem Konkursu LIVE-ON jest Fundacja Studencki<\/p>\n<p><a href=\"http:\/\/studenckifestiwal.pl\/index.php\/regulamin_lineon\/\" class=\"more-link\">Czytaj wi\u0119cej<span class=\"screen-reader-text\">Regulamin Live-on<\/span><\/a><\/p>\n","protected":false},"author":1,"featured_media":0,"parent":0,"menu_order":0,"comment_status":"closed","ping_status":"closed","template":"","meta":{"ngg_post_thumbnail":0,"footnotes":""},"class_list":["post-2501","page","type-page","status-publish","hentry"],"builder_content":"<p><b>LIVE \u2013 ON<\/b><b><i>&nbsp; |&nbsp; <\/i><\/b><b>19.09.2021<\/b><\/p> <p><i>Kwadrat, ul. Skar\u017cy\u0144skiego 1, Krak\u00f3w<\/i><\/p> <p><b><i>Regulamin Konkursu LIVE-ON<\/i><\/b><\/p> <ul> <li style=\"font-weight: 400;\" aria-level=\"1\"><b><i>Organizatorzy<\/i><\/b><\/li> <\/ul> <p>Organizatorem Konkursu LIVE-ON jest Fundacja Studencki Festiwal Piosenki, ul. Papiernicza 2,&nbsp; 31-221 Krak\u00f3w<\/p> <ul> <li style=\"font-weight: 400;\" aria-level=\"1\"><b><i>Cele LIVE-ON&nbsp;<\/i><\/b><\/li> <\/ul> <ol> <li> prezentacja i promocja autorskiej tw\u00f3rczo\u015bci muzycznej i literackiej<\/li> <li> umo\u017cliwienie m\u0142odym tw\u00f3rcom i wykonawcom prezentacji ich tw\u00f3rczo\u015bci<\/li> <li> promocja wykonawc\u00f3w-debiutant\u00f3w \u015bpiewaj\u0105cych utwory s\u0142owno-muzyczne w j. polskim<\/li> <li> rozwijanie zainteresowania polsk\u0105 tw\u00f3rczo\u015bci\u0105 piosenkow\u0105 posiadaj\u0105c\u0105 warto\u015bciow\u0105 kompozycj\u0119 muzyczn\u0105 oraz warstw\u0119 liryczn\u0105, posiadaj\u0105ce warto\u015b\u0107 artystyczn\u0105<\/li> <li> mi\u0119dzypokoleniowa integracja \u015brodowiska muzyk\u00f3w-debiutant\u00f3w.<\/li> <li> integracja \u015brodowiska wielbicieli piosenki artystycznej i artyst\u00f3w, dziennikarzy, krytyk\u00f3w muzycznych, poet\u00f3w, autor\u00f3w tekst\u00f3w piosenek, kompozytor\u00f3w.<\/li> <li> wy\u0142onienie oraz nagrodzenie najlepszych tw\u00f3rc\u00f3w i wykonawc\u00f3w oraz ich dalsza promocja<\/li> <li> zakwalifikowanie najlepszych tw\u00f3rc\u00f3w i wykonawc\u00f3w do najstarszego Festiwalu piosenki autorskiej w Polsce - Studenckiego Festiwalu Piosenki w Krakowie.&nbsp;&nbsp;<\/li> <\/ol> <ul> <li aria-level=\"1\"><b><i>Udzia\u0142 w LIVE-ON<\/i><\/b><\/li> <\/ul> <ol> <li style=\"font-weight: 400;\" aria-level=\"1\">LIVE-ON skierowane jest do os\u00f3b powy\u017cej 18 roku \u017cycia, zar\u00f3wno do zawodowc\u00f3w, jak i do amator\u00f3w, wykonuj\u0105cych piosenki w j\u0119zyku polskim.<\/li> <li style=\"font-weight: 400;\" aria-level=\"1\">Warunkiem uczestnictwa w KFP jest przygotowanie i wykonanie dw\u00f3ch piosenek w j\u0119zyku polskim.&nbsp;<\/li> <li style=\"font-weight: 400;\" aria-level=\"1\">Zg\u0142oszenia do KFP potrwaj\u0105 od 2 wrze\u015bnia do 12 wrze\u015bnia 2021 roku \u2013 w tym terminie na stronie organizatora <a href=\"http:\/\/studenckifestiwal.pl\/\">http:\/\/studenckifestiwal.pl\/<\/a> dost\u0119pny b\u0119dzie aktywny formularz zg\u0142oszeniowy.&nbsp;<\/li> <li style=\"font-weight: 400;\" aria-level=\"1\">Przyjmowane b\u0119d\u0105 zg\u0142oszenia indywidualne i zespo\u0142owe.<\/li> <li style=\"font-weight: 400;\" aria-level=\"1\">Konkurs LIVE-ON odb\u0119dzie si\u0119 19 wrze\u015bnia 2021 roku w Klubie Studenckim Kwadrat ul. Skar\u017cy\u0144skiego 1<\/li> <li style=\"font-weight: 400;\" aria-level=\"1\">Do prezentacji konkursowej mo\u017cna podej\u015b\u0107 z w\u0142asnym akompaniamentem lub zespo\u0142em. Nie jest mo\u017cliwe pod\u0142\u0105czenie podk\u0142adu.<\/li> <li style=\"font-weight: 400;\" aria-level=\"1\">Uczestnicy Konkursu s\u0105 zobowi\u0105zani do zaprezentowania podczas Konkursu repertuaru zadeklarowanego w formularzu zg\u0142oszeniowym.<\/li> <li style=\"font-weight: 400;\" aria-level=\"1\">Organizator zastrzega sobie prawo do przyj\u0119cia maksymalnie 20 zg\u0142osze\u0144, wys\u0142anych i wype\u0142nionych zgodnie z regulaminem. Zg\u0142oszenia niepe\u0142ne lub wys\u0142ane po wyznaczonym terminie lub po przekroczeniu liczby 20, nie zostan\u0105 przyj\u0119te, o czym uczestnik zostanie poinformowany.&nbsp;<\/li> <\/ol> <ul> <li aria-level=\"1\"><b><i>Jury LIVE-ON<\/i><\/b><\/li> <\/ul> <ol> <li style=\"list-style-type: none;\"> <ol> <li style=\"font-weight: 400;\" aria-level=\"2\">Organizator powo\u0142uje Jury Konkursu LIVE-ON<\/li> <li style=\"font-weight: 400;\" aria-level=\"2\">Wszelkie werdykty og\u0142oszone przez Jury s\u0105 ostateczne i nie podlegaj\u0105 odwo\u0142aniu.<\/li> <li style=\"font-weight: 400;\" aria-level=\"2\">Cz\u0142onkowie Jury zobowi\u0105zani s\u0105 do zachowania nale\u017cytej staranno\u015bci <br>w wykonywaniu swoich obowi\u0105zk\u00f3w oraz do uczestniczenia w obradach przez ca\u0142y czas ich trwania.&nbsp;<\/li> <\/ol> <\/li> <\/ol> <ul> <li aria-level=\"1\"><b><i>Nagrody<\/i><\/b><\/li> <\/ul> <ol> <li style=\"list-style-type: none;\"> <ol> <li style=\"font-weight: 400;\" aria-level=\"2\">Nagrod\u0105 w Konkursie jest nominacja do 57. Studenckiego Festiwalu Piosenki w Krakowie.<\/li> <li style=\"font-weight: 400;\" aria-level=\"2\">O otrzymaniu nagr\u00f3d zespo\u0142owych i indywidualnych decyduje Jury Konkursu. O ewentualnych dodatkowych nagrodach, nie przyznanych przez Jury decyduje Organizator oraz Sponsorzy i Mecenasi Festiwalu.<\/li> <\/ol> <\/li> <\/ol> <ul> <li style=\"font-weight: 400;\" aria-level=\"1\"><b><i>Postanowienia ko\u0144cowe<\/i><\/b><\/li> <\/ul> <ol> <li style=\"font-weight: 400;\" aria-level=\"1\">Uczestnicy konkursu udzielaj\u0105 Organizatorom nieodp\u0142atnej licencji na: nagranie, odtwarzanie, wprowadzanie do obrotu, przetwarzanie, publiczne odtwarzanie w tym utrwalanie i wydawanie na wszystkich no\u015bnikach w czasie nieograniczonym piosenek prezentowanych w czasie konkursu oraz koncert\u00f3w towarzysz\u0105cych.<\/li> <li style=\"font-weight: 400;\" aria-level=\"1\">Wykonawcy wyra\u017caj\u0105 zgod\u0119 na ewentualne rejestracje i emisje radiowe, telewizyjne lub internetowe, oraz wydanie p\u0142yty DVD.<\/li> <li style=\"font-weight: 400;\" aria-level=\"1\">Organizator nie zapewnia Uczestnikom Konkursu zwrotu koszt\u00f3w podr\u00f3\u017cy ani nocleg\u00f3w.<\/li> <li style=\"font-weight: 400;\" aria-level=\"1\">Ostateczna interpretacja niniejszego Regulaminu nale\u017cy do Organizator\u00f3w.<\/li> <li style=\"font-weight: 400;\" aria-level=\"1\">Zg\u0142aszaj\u0105c si\u0119, wyra\u017casz zgod\u0119 na przetwarzanie Twoich danych osobowych <br>w postaci danych zamieszczonych we wniosku, w celu mo\u017cliwo\u015bci wzi\u0119cia udzia\u0142u w Konkursie Piosenki Artystycznej. Zgoda na przetwarzanie danych osobowych jest udzielona dobrowolnie na podstawie art. 6 ust.1 lit. A rozporz\u0105dzenia Parlamentu Europejskiego i Rady (UE) 2016\/679 z 27 kwietnia 2016 r. w sprawie ochrony os\u00f3b fizycznych w zwi\u0105zku z przetwarzaniem danych osobowych i w sprawie swobodnego przep\u0142ywu takich danych oraz uchylenia dyrektywy 95\/46\/WE (og\u00f3lne rozporz\u0105dzenie o ochronie danych).&nbsp;<\/li> <li style=\"font-weight: 400;\" aria-level=\"1\">Udzia\u0142 Konkursie jest to\u017csamy z akceptacj\u0105 niniejszego regulaminu.<\/li> <li style=\"font-weight: 400;\" aria-level=\"1\">Organizator zastrzega sobie prawo dokonywania zmian w niniejszym regulaminie<\/li> <\/ol>","_links":{"self":[{"href":"http:\/\/studenckifestiwal.pl\/index.php\/wp-json\/wp\/v2\/pages\/2501","targetHints":{"allow":["GET"]}}],"collection":[{"href":"http:\/\/studenckifestiwal.pl\/index.php\/wp-json\/wp\/v2\/pages"}],"about":[{"href":"http:\/\/studenckifestiwal.pl\/index.php\/wp-json\/wp\/v2\/types\/page"}],"author":[{"embeddable":true,"href":"http:\/\/studenckifestiwal.pl\/index.php\/wp-json\/wp\/v2\/users\/1"}],"replies":[{"embeddable":true,"href":"http:\/\/studenckifestiwal.pl\/index.php\/wp-json\/wp\/v2\/comments?post=2501"}],"version-history":[{"count":8,"href":"http:\/\/studenckifestiwal.pl\/index.php\/wp-json\/wp\/v2\/pages\/2501\/revisions"}],"predecessor-version":[{"id":2647,"href":"http:\/\/studenckifestiwal.pl\/index.php\/wp-json\/wp\/v2\/pages\/2501\/revisions\/2647"}],"wp:attachment":[{"href":"http:\/\/studenckifestiwal.pl\/index.php\/wp-json\/wp\/v2\/media?parent=2501"}],"curies":[{"name":"wp","href":"https:\/\/api.w.org\/{rel}","templated":true}]}}