{"id":1315,"date":"2020-01-07T13:56:37","date_gmt":"2020-01-07T12:56:37","guid":{"rendered":"http:\/\/studenckifestiwal.pl\/?page_id=1315"},"modified":"2024-06-18T13:32:04","modified_gmt":"2024-06-18T11:32:04","slug":"konkursowe-faq","status":"publish","type":"page","link":"http:\/\/studenckifestiwal.pl\/index.php\/konkursowe-faq\/","title":{"rendered":"Konkursowe FAQ"},"content":{"rendered":"\n<p><strong>Kiedy odb\u0119dzie si\u0119 Konkurs Piosenki na SFP?<\/strong><\/p>\n\n\n\n<p>Konkurs 60. edycji SFP odb\u0119dzie si\u0119 w sobot\u0119 19 pa\u017adziernika 2024 roku, w Muzeum Sztuki i Techniki Japo\u0144skiej Manggha ul. Marii Konopnickiej 26 w Krakowie.<\/p>\n\n\n\n<p><strong>Kto jest Organizatorem Festiwalu?<\/strong><\/p>\n\n\n\n<p>Organizatorem Festiwalu jest Fundacja Studencki Festiwal Piosenki.<\/p>\n\n\n\n<p><strong>Jak zg\u0142osi\u0107 si\u0119 na Konkurs?<\/strong><\/p>\n\n\n\n<p>Do Konkursu Piosenki na SFP przyst\u0105pi\u0107 mog\u0105 osoby, kt\u00f3re otrzyma\u0142y nominacje na innych przegl\u0105dach, festiwalach, konkursach, od cz\u0142onk\u00f3w Rady Artystycznej SFP, Organizatora SFP lub innych os\u00f3b wskazanych i zatwierdzonych przez Organizatora. Do wzi\u0119cia udzia\u0142u w Konkursie obowi\u0105zkowa jest wi\u0119c nominacja, kt\u00f3rej zdobycie wymaga wzi\u0119cia udzia\u0142u w innym festiwalu, konkursie lub przegl\u0105dzie. O nowym sposobie bezpo\u015bredniego zg\u0142aszania si\u0119 na Konkurs poinformujemy wkr\u00f3tce.<br><\/p>\n\n\n\n<p><strong>Czy Konkurs skierowany jest wy\u0142\u0105cznie do student\u00f3w?<\/strong><\/p>\n\n\n\n<p>Nie, w Konkursie mo\u017ce wzi\u0105\u0107 udzia\u0142 ka\u017cdy, kto w dniu otrzymania nominacji ma sko\u0144czone 16 lat.<br><\/p>\n\n\n\n<p><strong>Gdzie szuka\u0107 informacji o Festiwalach, na kt\u00f3rych mo\u017cliwe jest otrzymanie nominacji?<\/strong><\/p>\n\n\n\n<p>W ci\u0105gu roku po cz\u0119\u015bci jeste\u015bmy Festiwalem widmo \ud83d\ude00 i niespodziewanie mo\u017cesz otrzyma\u0107 nominacje znajduj\u0105c si\u0119 na ka\u017cdym innym Festiwalu w kraju. Natomiast do Festiwali Partnerskich, gdzie na pewno w\u015br\u00f3d s\u0142uchaczy znajdzie si\u0119 Rada Festiwalu, decyduj\u0105ca o nominacjach, nale\u017c\u0105: OFPA w Rybniku, Festiwal Kwiaty na Kamieniach w Bytomiu, Festiwal Stacja Kutno, Przegl\u0105d Piosenki Aktorskiej we Wroc\u0142awiu, OPPP Olesno, Poetycka Dolina etc. Ponadto Organizator Studenckiego Festiwalu Piosenki organizuje w ci\u0105gu roku przes\u0142uchania w Krakowie, na kt\u00f3rych mo\u017cliwe jest otrzymanie nominacji do Konkursu. Szczeg\u00f3\u0142owe informacj\u0119 na bie\u017c\u0105co podawane s\u0105 na naszej stronie www oraz w mediach spo\u0142eczno\u015bciowych.<br><\/p>\n\n\n\n<p><strong>Czy mog\u0119 wykonywa\u0107 w\u0142asne utwory?<\/strong><\/p>\n\n\n\n<p>Szczeg\u00f3lnie do tego zach\u0119camy. Jedynym warunkiem jest przygotowanie do prezentacji piosenek w j\u0119zyku polskim.<\/p>\n\n\n<!-- wp:themify-builder\/canvas \/-->","protected":false},"excerpt":{"rendered":"<p>Kiedy odb\u0119dzie si\u0119 Konkurs Piosenki na SFP? Konkurs 60. edycji SFP odb\u0119dzie si\u0119 w sobot\u0119 19 pa\u017adziernika 2024 roku, w<\/p>\n<p><a href=\"http:\/\/studenckifestiwal.pl\/index.php\/konkursowe-faq\/\" class=\"more-link\">Czytaj wi\u0119cej<span class=\"screen-reader-text\">Konkursowe FAQ<\/span><\/a><\/p>\n","protected":false},"author":1,"featured_media":0,"parent":0,"menu_order":0,"comment_status":"closed","ping_status":"closed","template":"","meta":{"ngg_post_thumbnail":0,"footnotes":""},"class_list":["post-1315","page","type-page","status-publish","hentry"],"builder_content":"","_links":{"self":[{"href":"http:\/\/studenckifestiwal.pl\/index.php\/wp-json\/wp\/v2\/pages\/1315","targetHints":{"allow":["GET"]}}],"collection":[{"href":"http:\/\/studenckifestiwal.pl\/index.php\/wp-json\/wp\/v2\/pages"}],"about":[{"href":"http:\/\/studenckifestiwal.pl\/index.php\/wp-json\/wp\/v2\/types\/page"}],"author":[{"embeddable":true,"href":"http:\/\/studenckifestiwal.pl\/index.php\/wp-json\/wp\/v2\/users\/1"}],"replies":[{"embeddable":true,"href":"http:\/\/studenckifestiwal.pl\/index.php\/wp-json\/wp\/v2\/comments?post=1315"}],"version-history":[{"count":10,"href":"http:\/\/studenckifestiwal.pl\/index.php\/wp-json\/wp\/v2\/pages\/1315\/revisions"}],"predecessor-version":[{"id":3088,"href":"http:\/\/studenckifestiwal.pl\/index.php\/wp-json\/wp\/v2\/pages\/1315\/revisions\/3088"}],"wp:attachment":[{"href":"http:\/\/studenckifestiwal.pl\/index.php\/wp-json\/wp\/v2\/media?parent=1315"}],"curies":[{"name":"wp","href":"https:\/\/api.w.org\/{rel}","templated":true}]}}